{"id":1356,"date":"2026-04-06T18:49:43","date_gmt":"2026-04-06T15:49:43","guid":{"rendered":"https:\/\/lastausramppi.fi\/?page_id=1356"},"modified":"2026-04-06T18:53:35","modified_gmt":"2026-04-06T15:53:35","slug":"tietosuojaseloste","status":"publish","type":"page","link":"https:\/\/www.lastausramppi.fi\/wpolku\/tietosuojaseloste\/","title":{"rendered":"Rekisteri- ja tietosuojaseloste"},"content":{"rendered":"<p>Lastausramppi.fi verkkosivusto noudattaa henkil\u00f6tietojen k\u00e4sittelyss\u00e4 Suomen henkil\u00f6tietolakia (523\/1999) sek\u00e4 Euroopan unioinin j\u00e4senmaiden yleist\u00e4 tietosuoja-asetusta GDPR (General Data Protection Regulation).<\/p>\n<p><strong>Henkil\u00f6tietojen k\u00e4sittelyn peruste ja k\u00e4ytt\u00f6tarkoitus<\/strong><\/p>\n<p>Asiakasrekisterin k\u00e4ytt\u00f6tarkoitus on verkkokaupassa rekister\u00f6ityjen henkil\u00f6tietojen sek\u00e4 asiakkaiden tilausten hallinnointi, arkistointi ja k\u00e4sittely sek\u00e4 asiakassuhteiden hoitaminen.<\/p>\n<p>Tietoja voidaan k\u00e4ytt\u00e4\u00e4 rekisterinpit\u00e4j\u00e4n\u00a0<strong>Kuusiluoto Oy (Y-tunnus 0609466-9)<\/strong>\u00a0toimesta verkkokaupan toiminnan kehitt\u00e4miseen, tilastollisiin tarkoituksiin ja henkil\u00f6kohtaisemman kohdennetun sis\u00e4ll\u00f6n tuottamiseen palveluissamme. Henkil\u00f6tietoja k\u00e4sitell\u00e4\u00e4n henkil\u00f6tietolain sallimissa ja edellytt\u00e4miss\u00e4 rajoissa. Rekisterin tietoja voidaan k\u00e4ytt\u00e4\u00e4 verkkokaupan omissa rekistereiss\u00e4 esimerkiksi mainonnan kohdistamiseen, kuitenkin niin ett\u00e4\u00a0<strong>henkil\u00f6tietoja ei luovuteta ulkopuolisille tahoille<\/strong>.<\/p>\n<p>Rekisterinpit\u00e4j\u00e4 saattaa k\u00e4ytt\u00e4\u00e4 asiakas- ja palvelusuhteen yll\u00e4pit\u00e4miseen yhteisty\u00f6kumppaneita, jolloin osia rekisteritiedoista saatetaan siirt\u00e4\u00e4 yhteisty\u00f6kumppanin palvelimille teknisten vaatimusten vuoksi. Tietoja k\u00e4sitell\u00e4\u00e4n ainoastaan rekisterinpit\u00e4j\u00e4n asiakassuhteen yll\u00e4pit\u00e4miseen teknisten rajapintojen kautta.<\/p>\n<p><strong>K\u00e4sitelt\u00e4v\u00e4t henkil\u00f6tiedot<\/strong><\/p>\n<p>Henkil\u00f6rekisteriss\u00e4 k\u00e4sitell\u00e4\u00e4n seuraavia tietoja:<\/p>\n<p>-Rekister\u00f6idyn etu- ja sukunimi<br \/>\n-Rekister\u00f6idyn osoite<br \/>\n-Rekister\u00f6idyn s\u00e4hk\u00f6postiosoite<br \/>\n-Rekister\u00f6idyn puhelinnumero<br \/>\n-S\u00e4hk\u00f6isen viestinn\u00e4n tunnistetiedot<\/p>\n<p><strong>S\u00e4\u00e4nn\u00f6nmukaiset tietol\u00e4hteet<\/strong><\/p>\n<p>Tietoja saadaan asiakkaalta itselt\u00e4\u00e4n asiakkaan tekemist\u00e4 tilauksista lastausramppi.fi -sivuilla, verkkolomakkeilla, puhelimitse tai s\u00e4hk\u00f6postilla. Tietoja saadaan asiakkaan tekemist\u00e4 rekister\u00f6itymisist\u00e4 sek\u00e4 asiakassuhteen aikana asiakkaan tekemist\u00e4 tilauksista. Nimi- ja yhteystietojen p\u00e4ivityksi\u00e4 saadaan my\u00f6s p\u00e4ivityspalveluja tarjoavilta viranomaisilta ja muilta toimijoilta. Tietoja voidaan saada my\u00f6s alihankkijoilta, jotka liittyv\u00e4t palvelun k\u00e4ytt\u00e4miseen tai tuottamiseen. Asiakkaiden muista toimista digitaalisessa verkko-oppimisymp\u00e4rist\u00f6ss\u00e4 voidaan saada tietoja yhteisty\u00f6kumppaneiden sivustoista, tietoj\u00e4rjestelmist\u00e4 tai muista digitaalisista l\u00e4hteist\u00e4, joihin kirjaudutaan s\u00e4hk\u00f6isen kutsun kautta, ev\u00e4steiden kautta tai k\u00e4ytt\u00e4m\u00e4ll\u00e4 asiakkaille annettuja tunnuksia.<\/p>\n<p>Asiakasrekisterin tiedot ovat ainoastaan rekisterinpit\u00e4j\u00e4n k\u00e4yt\u00f6ss\u00e4, paitsi k\u00e4ytett\u00e4ess\u00e4 ulkoista palveluntarjoajaa joko lis\u00e4arvopalvelun tuottamiseen tai luottop\u00e4\u00e4t\u00f6ksen tueksi. Tietoja ei luovuteta rekisterin hallinnoivan yrityksen ulkopuolelle tai sen yhteisty\u00f6kumppaneiden k\u00e4ytt\u00f6\u00f6n, paitsi luottohakemukseen, perint\u00e4\u00e4n tai laskutukseen liittyviss\u00e4 asioissa sek\u00e4 lains\u00e4\u00e4d\u00e4nn\u00f6n velvoittaessa. Henkil\u00f6tietoja ei siirret\u00e4 Euroopan unionin ulkopuolelle, ellei se ole rekisterinpit\u00e4j\u00e4n tai sen yhteisty\u00f6kumppanin teknisen toutetuttamisen varmistamiseksi tarpeellista. Rekister\u00f6ityneen henkil\u00f6tiedot h\u00e4vitet\u00e4\u00e4n k\u00e4ytt\u00e4j\u00e4n pyynn\u00f6st\u00e4, ellei lains\u00e4\u00e4d\u00e4nt\u00f6, avoimena olevat laskut tai perint\u00e4toimet est\u00e4 tietojen poistamista.<\/p>\n<p><strong>Henkil\u00f6tietojen suojaaminen ja tietoturva<\/strong><\/p>\n<p>Digitaalisesti k\u00e4sitelt\u00e4v\u00e4t henkil\u00f6tiedot on suojattu ja tallennettu lastausramppi.fi -sivuston j\u00e4rjestelm\u00e4\u00e4n, johon on rajattu p\u00e4\u00e4sy vain sellaisilla henkil\u00f6ill\u00e4, jotka tarvitsevat kyseisi\u00e4 tietoja ty\u00f6teht\u00e4viens\u00e4 hoitamiseksi. Kyseisill\u00e4 henkil\u00f6ill\u00e4 on k\u00e4yt\u00f6ss\u00e4\u00e4n henkil\u00f6kohtaiset k\u00e4ytt\u00e4j\u00e4tunnukset ja salasanat. Henkil\u00f6tiedot on suojattu ulkopuoliselta k\u00e4yt\u00f6lt\u00e4 ja j\u00e4sentietojen k\u00e4ytt\u00f6\u00e4 valvotaan. K\u00e4ytt\u00e4j\u00e4ll\u00e4 on henkil\u00f6kohtainen k\u00e4ytt\u00e4j\u00e4tunnus ja salasanasuojaus. Rekisterin hallinnoivan yrityksen ulkopuolelle l\u00e4hetett\u00e4v\u00e4t henkil\u00f6tiedot salataan. K\u00e4ytetyt ty\u00f6asemat ja tallennusmediat ovat salattu.<\/p>\n<p><strong>Henkil\u00f6tietojen s\u00e4\u00e4nn\u00f6nmukaiset luovutukset ja siirrot<\/strong><\/p>\n<p>Asiakasrekisterin tiedot ovat ainoastaan rekisterinpit\u00e4j\u00e4n k\u00e4yt\u00f6ss\u00e4, paitsi k\u00e4ytett\u00e4ess\u00e4 ulkoista palveluntarjoajaa joko lis\u00e4arvopalvelun tuottamiseen tai luottop\u00e4\u00e4t\u00f6ksen tueksi. Tietoja ei luovuteta rekisteri\u00e4 hallinnoivan yrityksen ulkopuolelle tai sen yhteisty\u00f6kumppaneiden k\u00e4ytt\u00f6\u00f6n, paitsi p\u00e4tevyyksien ja suoritusmerkint\u00f6jen yll\u00e4pitoon, luottohakemukseen, perint\u00e4\u00e4n tai laskutukseen liittyviss\u00e4 asioissa sek\u00e4 lains\u00e4\u00e4d\u00e4nn\u00f6n velvoittaessa.<\/p>\n<p><strong>Henkil\u00f6tietojen siirrot Euroopan unionin tai Euroopan talousalueen ulkopuolelle<\/strong><\/p>\n<p>Rekisterinpit\u00e4j\u00e4 voi k\u00e4ytt\u00e4\u00e4 henkil\u00f6tietojen k\u00e4sittelyss\u00e4 my\u00f6s muita palveluntarjoajia, jotka sijaitsevat Euroopan unionin tai Euroopan talousalueen ulkopuolella. Henkil\u00f6tietojen siirto Euroopan unionin tai Euroopan talousalueen ulkopuolelle toteutetaan aina jollakin alla mainitulla, lainmukaisella perusteella:<\/p>\n<p>-Euroopan komissio on p\u00e4\u00e4tt\u00e4nyt, ett\u00e4 kyseisess\u00e4 vastaanottajamaassa on varmistettu riitt\u00e4v\u00e4 tietosuojan taso. Rekisterinpit\u00e4j\u00e4 on toteuttanut asianmukaiset suojatoimet henkil\u00f6tietojen siirt\u00e4miseksi k\u00e4ytt\u00e4m\u00e4ll\u00e4 Euroopan komission hyv\u00e4ksymi\u00e4 tietosuojaa koskevia vakiolausekkeita. Rekister\u00f6idyll\u00e4 on t\u00e4ll\u00f6in oikeus saada j\u00e4ljenn\u00f6s kyseisist\u00e4 vakiolausekkeista ottamalla yhteytt\u00e4 rekisterinpit\u00e4j\u00e4\u00e4n.<br \/>\n-rekister\u00f6ity on antanut nimenomaisen suostumuksensa henkil\u00f6tietojensa siirt\u00e4miseksi, tai henkil\u00f6tietojen siirt\u00e4miselle on olemassa muu lainmukainen peruste.<\/p>\n<p>Henkil\u00f6tietoihin ei anneta p\u00e4\u00e4sy\u00e4 enemp\u00e4\u00e4 kuin on v\u00e4ltt\u00e4m\u00e4t\u00f6nt\u00e4 palveluiden toteuttamiseksi. Henkil\u00f6tietojen siirto Euroopan unionin tai Euroopan talousalueen ulkopuolelle perustuu aina voimassaolevaan henkil\u00f6tietojen k\u00e4sittely\u00e4 koskevaan lains\u00e4\u00e4d\u00e4nt\u00f6\u00f6n ja toteutetaan kyseisen lains\u00e4\u00e4d\u00e4nn\u00f6n mukaisesti.<\/p>\n<p><strong>Henkil\u00f6tietojen s\u00e4ilytysaika<\/strong><\/p>\n<p>Henkil\u00f6tiedot s\u00e4ilytet\u00e4\u00e4n rekisteriss\u00e4 enint\u00e4\u00e4n kymmenen vuoden ajan rekister\u00f6itymisp\u00e4iv\u00e4st\u00e4 sit\u00e4 hallinnoivan yrityksen oikeutetun edun perusteella, toisin sanoen mahdollisiin oikeusvaateisiin puolustautumisen takia (KKO 2017:15). Henkil\u00f6tiedot voidaan s\u00e4ilytt\u00e4\u00e4 my\u00f6s t\u00e4t\u00e4 kauemmin, jos sovellettava lains\u00e4\u00e4d\u00e4nt\u00f6 tai rekisterinpit\u00e4j\u00e4n sopimusvelvoitteet kolmansia kohtaan edellytt\u00e4v\u00e4t pidemp\u00e4\u00e4 s\u00e4ilytysaikaa.<\/p>\n<p><strong>Profilointi<\/strong><\/p>\n<p>Rekisterinpit\u00e4j\u00e4 voi osana henkil\u00f6tietojen k\u00e4sittelytoimia toteuttaa rekister\u00f6idyn automaattista profilointia. Profiloinnin seurauksena rekister\u00f6ity saa h\u00e4nelle paremmin kohdennettuja markkinointiviestej\u00e4.<\/p>\n<p><strong>Rekister\u00f6idyn oikeudet<\/strong><\/p>\n<p>Rekister\u00f6idyll\u00e4 on oikeus koska tahansa vastustaa henkil\u00f6tietojensa k\u00e4sittely\u00e4 suoramarkkinointitarkoituksiin. Rekister\u00f6ity voi antaa rekisterinpit\u00e4j\u00e4lle kanavakohtaisia suoramarkkinointia koskevia suostumuksia ja kieltoja (esimerkiksi kielt\u00e4\u00e4 s\u00e4hk\u00f6postitse l\u00e4hetett\u00e4v\u00e4t markkinointiviestit). Lis\u00e4ksi rekister\u00f6idyll\u00e4 on l\u00e4ht\u00f6kohtaisesti oikeus soveltuvan tietosuojalains\u00e4\u00e4d\u00e4nn\u00f6n mukaisesti milloin tahansa:<\/p>\n<p>-saada tieto henkil\u00f6tietojensa k\u00e4sittelyst\u00e4<br \/>\n-saada p\u00e4\u00e4sy omiin tietoihinsa ja tarkastaa itse\u00e4\u00e4n koskevat henkil\u00f6tiedot<br \/>\n-vaatia ep\u00e4tarkan ja virheellisen henkil\u00f6tiedon oikaisua ja tietojen t\u00e4ydent\u00e4mist\u00e4<br \/>\n-vaatia henkil\u00f6tietojensa poistamista<br \/>\n-peruuttaa suostumuksensa ja vastustaa henkil\u00f6tietojensa k\u00e4sittely\u00e4 silt\u00e4 osin kuin henkil\u00f6tietojen k\u00e4sittely perustuu rekister\u00f6idyn suostumukseen<br \/>\n-vaatia henkil\u00f6tietojensa k\u00e4sittelyn rajoittamista<\/p>\n<p>Rekister\u00f6idyn tulee esitt\u00e4\u00e4 edell\u00e4 mainitun oikeuden toteuttamista koskeva pyynt\u00f6 kirjallisesti rekisterinpit\u00e4j\u00e4lle. Rekisterinpit\u00e4j\u00e4 voi pyyt\u00e4\u00e4 rekister\u00f6ity\u00e4 tarkentamaan pyynt\u00f6\u00e4\u00e4n kirjallisesti ja varmentamaan rekister\u00f6idyn henkil\u00f6llisyyden ennen pyynn\u00f6n k\u00e4sittelemist\u00e4. Rekisterinpit\u00e4j\u00e4 voi kielt\u00e4yty\u00e4 pyynn\u00f6n toteuttamisesta sovellettavassa laissa s\u00e4\u00e4detyll\u00e4 perusteella.<\/p>\n<p><strong>Oikeus valittaa valvontaviranomaiselle<\/strong><\/p>\n<p>Jokaisella rekister\u00f6idyll\u00e4 on oikeus tehd\u00e4 valitus asianomaiselle valvontaviranomaiselle tai sen Euroopan unionin j\u00e4senvaltion valvontaviranomaiselle, jossa rekister\u00f6idyn asuinpaikka tai ty\u00f6paikka sijaitsee mik\u00e4li rekister\u00f6ity katsoo, ett\u00e4 h\u00e4nen henkil\u00f6tietojaan ei ole k\u00e4sitelty soveltuvan tietosuojalains\u00e4\u00e4d\u00e4nn\u00f6n mukaisesti.<\/p>\n<p><strong>Yhteydenotot<\/strong><\/p>\n<p>Rekister\u00f6idyn oikeuksien k\u00e4ytt\u00e4mist\u00e4 koskevat pyynn\u00f6t, kysymykset t\u00e4st\u00e4 tietosuojaselosteesta ja muut yhteydenotot tulee osoittaa rekisterinpit\u00e4j\u00e4lle:<\/p>\n<p>Rekisterinpit\u00e4j\u00e4: Kuusiluoto Oy<br \/>\nOsoite: Kehitt\u00e4j\u00e4nkatu 16, 04440 J\u00e4rvenp\u00e4\u00e4<br \/>\nS\u00e4hk\u00f6posti: info@apuajoneuvo.fi<br \/>\nPuhelin: 040 1244 282<br \/>\nYhteyshenkil\u00f6: Mikko Puro<\/p>\n<p><strong>Muutokset t\u00e4h\u00e4n tietosuojaselosteeseen<\/strong><\/p>\n<p>T\u00e4t\u00e4 tietosuojaselostetta voidaan p\u00e4ivitt\u00e4\u00e4 aika ajoin esimerkiksi lains\u00e4\u00e4d\u00e4nn\u00f6n muuttuessa.<br \/>\nT\u00e4m\u00e4 tietosuojaseloste on viimeksi p\u00e4ivitetty 12.3.2023.<\/p>\n","protected":false},"excerpt":{"rendered":"<p>Lastausramppi.fi verkkosivusto noudattaa henkil\u00f6tietojen k\u00e4sittelyss\u00e4 Suomen henkil\u00f6tietolakia (523\/1999) sek\u00e4 Euroopan unioinin j\u00e4senmaiden yleist\u00e4 tietosuoja-asetusta GDPR (General Data Protection Regulation). Henkil\u00f6tietojen k\u00e4sittelyn peruste ja k\u00e4ytt\u00f6tarkoitus Asiakasrekisterin k\u00e4ytt\u00f6tarkoitus on verkkokaupassa rekister\u00f6ityjen henkil\u00f6tietojen sek\u00e4 asiakkaiden tilausten hallinnointi, arkistointi ja k\u00e4sittely sek\u00e4 asiakassuhteiden hoitaminen. Tietoja voidaan k\u00e4ytt\u00e4\u00e4 rekisterinpit\u00e4j\u00e4n\u00a0Kuusiluoto Oy (Y-tunnus 0609466-9)\u00a0toimesta verkkokaupan toiminnan kehitt\u00e4miseen, tilastollisiin tarkoituksiin ja henkil\u00f6kohtaisemman kohdennetun [&hellip;]<\/p>\n","protected":false},"author":5,"featured_media":0,"parent":0,"menu_order":0,"comment_status":"closed","ping_status":"closed","template":"","meta":{"_et_pb_use_builder":"","_et_pb_old_content":"","_et_gb_content_width":"","footnotes":""},"class_list":["post-1356","page","type-page","status-publish","hentry"],"_links":{"self":[{"href":"https:\/\/www.lastausramppi.fi\/wpolku\/wp-json\/wp\/v2\/pages\/1356","targetHints":{"allow":["GET"]}}],"collection":[{"href":"https:\/\/www.lastausramppi.fi\/wpolku\/wp-json\/wp\/v2\/pages"}],"about":[{"href":"https:\/\/www.lastausramppi.fi\/wpolku\/wp-json\/wp\/v2\/types\/page"}],"author":[{"embeddable":true,"href":"https:\/\/www.lastausramppi.fi\/wpolku\/wp-json\/wp\/v2\/users\/5"}],"replies":[{"embeddable":true,"href":"https:\/\/www.lastausramppi.fi\/wpolku\/wp-json\/wp\/v2\/comments?post=1356"}],"version-history":[{"count":3,"href":"https:\/\/www.lastausramppi.fi\/wpolku\/wp-json\/wp\/v2\/pages\/1356\/revisions"}],"predecessor-version":[{"id":1360,"href":"https:\/\/www.lastausramppi.fi\/wpolku\/wp-json\/wp\/v2\/pages\/1356\/revisions\/1360"}],"wp:attachment":[{"href":"https:\/\/www.lastausramppi.fi\/wpolku\/wp-json\/wp\/v2\/media?parent=1356"}],"curies":[{"name":"wp","href":"https:\/\/api.w.org\/{rel}","templated":true}]}}