{"id":315,"date":"2019-02-25T23:16:22","date_gmt":"2019-02-25T22:16:22","guid":{"rendered":"http:\/\/lastausramppi.fi\/?page_id=315"},"modified":"2019-02-25T23:16:22","modified_gmt":"2019-02-25T22:16:22","slug":"tredelade-ramper","status":"publish","type":"page","link":"https:\/\/www.lastausramppi.fi\/wpolku\/tredelade-ramper\/","title":{"rendered":"Tredelade ramper"},"content":{"rendered":"<p>[vc_row bg_type=&#8221;bg_color&#8221; bg_color_value=&#8221;#f7f7f7&#8243;][vc_column][vc_custom_heading text=&#8221;TREDELADE RAMPER&#8221; font_container=&#8221;tag:h2|font_size:32px|text_align:center&#8221; google_fonts=&#8221;font_family:Lato%3A100%2C100italic%2C300%2C300italic%2Cregular%2Citalic%2C700%2C700italic%2C900%2C900italic|font_style:700%20bold%20regular%3A700%3Anormal&#8221;][us_separator size=&#8221;small&#8221; show_line=&#8221;1&#8243; line_width=&#8221;30&#8243; color=&#8221;switch_text&#8221;][vc_column_text el_class=&#8221;text3&#8243;]<\/p>\n<div class=\"sd-object sd-object-grid NORMAL O331941be\">\n<div class=\"row\">\n<div class=\"col-xs-12\">\n<div class=\"sd-object sd-text-left sd-object-text-image leadtextdark NORMAL O42b1df06\" style=\"text-align: center;\">V\u00e5ra tredelade ramper har en l\u00e4gre h\u00f6jd n\u00e4r de \u00e4r ihopf\u00e4llda \u00e4n de tv\u00e5delade ramperna. De blir l\u00e4ngre i utf\u00e4llt l\u00e4ge, vilket ger mindre lutning.<\/div>\n<\/div>\n<\/div>\n<\/div>\n<p>[\/vc_column_text][ultimate_spacer height=&#8221;16&#8243;][us_image image=&#8221;316&#8243; align=&#8221;center&#8221;][vc_row_inner][vc_column_inner width=&#8221;1\/3&#8243;][vc_column_text el_class=&#8221;text2&#8243;]<\/p>\n<h5 class=\"SUBHEADING\" style=\"text-align: center;\"><strong>Unik ytbel\u00e4ggning<\/strong><\/h5>\n<p>[\/vc_column_text][ultimate_spacer height=&#8221;8&#8243;][us_image image=&#8221;297&#8243; align=&#8221;center&#8221;][vc_column_text el_class=&#8221;text2&#8243;]Ytbel\u00e4ggning som ger ett v\u00e4ldigt bra grepp och g\u00f6r att i- och urlastningen blir l\u00e4tt och s\u00e4ker.[\/vc_column_text][\/vc_column_inner][vc_column_inner width=&#8221;1\/3&#8243;][vc_column_text el_class=&#8221;text2&#8243;]<\/p>\n<h5 class=\"SUBHEADING\" style=\"text-align: center;\"><strong>Enkelt montage<\/strong><\/h5>\n<p>[\/vc_column_text][ultimate_spacer height=&#8221;8&#8243;][us_image image=&#8221;298&#8243; align=&#8221;center&#8221;][vc_column_text el_class=&#8221;text2&#8243;]F\u00e4sts i bilen med v\u00e5ra golvf\u00e4stplattor och det kr\u00e4vs bara ett enkelt handgrepp f\u00f6r att montera eller ta ur rampen.[\/vc_column_text][\/vc_column_inner][vc_column_inner width=&#8221;1\/3&#8243;][vc_column_text el_class=&#8221;text2&#8243;]<\/p>\n<h5 class=\"SUBHEADING\" style=\"text-align: center;\"><strong>Perforering<\/strong><\/h5>\n<p>[\/vc_column_text][ultimate_spacer height=&#8221;8&#8243;][us_image image=&#8221;299&#8243; align=&#8221;center&#8221;][vc_column_text el_class=&#8221;text2&#8243;]Perforeringen g\u00f6r att chauff\u00f6ren kan se igenom den uppf\u00e4llda rampen i backspegeln.[\/vc_column_text][\/vc_column_inner][\/vc_row_inner][vc_row_inner][vc_column_inner width=&#8221;1\/2&#8243;][ultimate_spacer height=&#8221;24&#8243;][vc_column_text el_class=&#8221;text2&#8243;]<\/p>\n<h5 class=\"SUBHEADING\" style=\"text-align: center;\"><strong>Standard installation<\/strong><\/h5>\n<p>[\/vc_column_text][ultimate_spacer height=&#8221;16&#8243;][vc_video link=&#8221;https:\/\/www.youtube.com\/watch?v=mVlAPR0BPSU&#8221; video_title=&#8221;1&#8243;][ultimate_spacer height=&#8221;16&#8243;][vc_column_text el_class=&#8221;text2&#8243;]<\/p>\n<h5 class=\"SUBHEADING\"><strong>Montering av v\u00e5r adapterplatta<\/strong><\/h5>\n<p>[\/vc_column_text][vc_column_text el_class=&#8221;text2&#8243;]Med v\u00e5r adpaterplatta monterar du snabbt och enkelt din bakgavelramp eller lastramp[\/vc_column_text][\/vc_column_inner][vc_column_inner width=&#8221;1\/2&#8243;][ultimate_spacer height=&#8221;24&#8243;][vc_column_text el_class=&#8221;text2&#8243;]<\/p>\n<h5 class=\"SUBHEADING\" style=\"text-align: center;\"><strong>Eftermontering &#8211; vridbar fot<\/strong><\/h5>\n<p>[\/vc_column_text][ultimate_spacer height=&#8221;16&#8243;][vc_video link=&#8221;https:\/\/www.youtube.com\/watch?v=Zqs9D69YIPY&#8221; video_title=&#8221;1&#8243;][ultimate_spacer height=&#8221;24&#8243;][us_image_slider ids=&#8221;300,301,302,303,304,305,306,307,308,309,310&#8243; img_size=&#8221;full&#8221;][\/vc_column_inner][\/vc_row_inner][\/vc_column][\/vc_row][vc_row][vc_column][vc_custom_heading text=&#8221;Tredelade &#8211; Modeller&#8221; font_container=&#8221;tag:h2|font_size:32px|text_align:center&#8221; google_fonts=&#8221;font_family:Lato%3A100%2C100italic%2C300%2C300italic%2Cregular%2Citalic%2C700%2C700italic%2C900%2C900italic|font_style:700%20bold%20regular%3A700%3Anormal&#8221;][vc_row_inner gap=&#8221;10&#8243;][vc_column_inner width=&#8221;1\/3&#8243; css=&#8221;.vc_custom_1551033992409{background-color: #f7f7f7 !important;}&#8221;][vc_column_text el_class=&#8221;text2&#8243;]<\/p>\n<h5><strong>BGR 19-3<\/strong><\/h5>\n<div>L\u00e4ngd utf\u00e4lld (cm): 171<\/div>\n<div>Vikt (kg): 23<\/div>\n<div>Maxlast (kg): 400<\/div>\n<div>Bredd insida (cm): 80<\/div>\n<div>H\u00f6jd hopvikt (cm): 67<\/div>\n<p>[\/vc_column_text][\/vc_column_inner][vc_column_inner width=&#8221;1\/3&#8243; css=&#8221;.vc_custom_1551033530461{background-color: #f7f7f7 !important;}&#8221;][vc_column_text el_class=&#8221;text2&#8243;]<\/p>\n<h5><strong>BGR 25-3<\/strong><\/h5>\n<div>L\u00e4ngd utf\u00e4lld (cm): 235<\/div>\n<div>Vikt (kg): 28<\/div>\n<div>Maxlast (kg): 400<\/div>\n<div>Bredd insida (cm): 80<\/div>\n<div>H\u00f6jd hopvikt (cm): 92<\/div>\n<p>[\/vc_column_text][\/vc_column_inner][vc_column_inner width=&#8221;1\/3&#8243; css=&#8221;.vc_custom_1551033539221{background-color: #f7f7f7 !important;}&#8221;][vc_column_text el_class=&#8221;text2&#8243;]<\/p>\n<h5><strong>BGR 27-3<\/strong><\/h5>\n<div>L\u00e4ngd utf\u00e4lld (cm): 265<\/div>\n<div>Vikt (kg): 30<\/div>\n<div>Maxlast (kg): 400<\/div>\n<div>Bredd insida (cm): 80<\/div>\n<div>H\u00f6jd hopvikt (cm): 102<\/div>\n<p>[\/vc_column_text][\/vc_column_inner][\/vc_row_inner][vc_row_inner gap=&#8221;10&#8243;][vc_column_inner width=&#8221;1\/3&#8243; css=&#8221;.vc_custom_1551033992409{background-color: #f7f7f7 !important;}&#8221;][vc_column_text el_class=&#8221;text2&#8243;]<\/p>\n<h5><strong>BGR 33-3<\/strong><\/h5>\n<div>L\u00e4ngd utf\u00e4lld (cm): 325<\/div>\n<div>Vikt (kg): 35<\/div>\n<div>Maxlast (kg): 400<\/div>\n<div>Bredd insida (cm): 80<\/div>\n<div>H\u00f6jd hopvikt (cm): 122<\/div>\n<p>[\/vc_column_text][\/vc_column_inner][vc_column_inner width=&#8221;1\/3&#8243; css=&#8221;.vc_custom_1551033530461{background-color: #f7f7f7 !important;}&#8221;][vc_column_text el_class=&#8221;text2&#8243;]<\/p>\n<h5><strong>BGR 37-3<\/strong><\/h5>\n<div>L\u00e4ngd utf\u00e4lld (cm): 365<\/div>\n<div>Vikt (kg): 39<\/div>\n<div>Maxlast (kg): 400<\/div>\n<div>Bredd insida (cm): 80<\/div>\n<div>H\u00f6jd hopvikt (cm): 135<\/div>\n<p>[\/vc_column_text][\/vc_column_inner][vc_column_inner width=&#8221;1\/3&#8243; css=&#8221;.vc_custom_1551033539221{background-color: #f7f7f7 !important;}&#8221;][vc_column_text el_class=&#8221;text2&#8243;]<\/p>\n<h5><strong>BGR 90-25-3<\/strong><\/h5>\n<div>L\u00e4ngd utf\u00e4lld (cm): 235<\/div>\n<div>Vikt (kg): 33<\/div>\n<div>Maxlast (kg): 400<\/div>\n<div>Bredd insida (cm): 90<\/div>\n<div>H\u00f6jd hopvikt (cm): 92<\/div>\n<p>[\/vc_column_text][\/vc_column_inner][\/vc_row_inner][vc_row_inner gap=&#8221;10&#8243;][vc_column_inner width=&#8221;1\/3&#8243; css=&#8221;.vc_custom_1551033992409{background-color: #f7f7f7 !important;}&#8221;][vc_column_text el_class=&#8221;text2&#8243;]<\/p>\n<h5><strong>BGR 90-27-3<\/strong><\/h5>\n<div>L\u00e4ngd utf\u00e4lld (cm): 265<\/div>\n<div>Vikt (kg): 36<\/div>\n<div>Maxlast (kg): 400<\/div>\n<div>Bredd insida (cm): 90<\/div>\n<div>H\u00f6jd hopvikt (cm): 102<\/div>\n<p>[\/vc_column_text][\/vc_column_inner][vc_column_inner width=&#8221;1\/3&#8243; css=&#8221;.vc_custom_1551033530461{background-color: #f7f7f7 !important;}&#8221;][vc_column_text el_class=&#8221;text2&#8243;]<\/p>\n<h5><strong>BGR 90-33-3<\/strong><\/h5>\n<div>L\u00e4ngd utf\u00e4lld (cm): 325<\/div>\n<div>Vikt (kg): 40<\/div>\n<div>Maxlast (kg): 400<\/div>\n<div>Bredd insida (cm): 90<\/div>\n<div>H\u00f6jd hopvikt (cm): 122<\/div>\n<p>[\/vc_column_text][\/vc_column_inner][vc_column_inner width=&#8221;1\/3&#8243; css=&#8221;.vc_custom_1551033539221{background-color: #f7f7f7 !important;}&#8221;][vc_column_text el_class=&#8221;text2&#8243;]<\/p>\n<h5><strong>BGR 90-37-3<\/strong><\/h5>\n<div>L\u00e4ngd utf\u00e4lld (cm): 365<\/div>\n<div>Vikt (kg): 40<\/div>\n<div>Maxlast (kg): 400<\/div>\n<div>Bredd insida (cm): 90<\/div>\n<div>H\u00f6jd hopvikt (cm): 135<\/div>\n<p>[\/vc_column_text][\/vc_column_inner][\/vc_row_inner][\/vc_column][\/vc_row][vc_row height=&#8221;small&#8221; color_scheme=&#8221;custom&#8221; us_bg_color=&#8221;#1b64a8&#8243; us_text_color=&#8221;#ffffff&#8221;][vc_column][us_socials items=&#8221;%5B%7B%22type%22%3A%22facebook%22%2C%22url%22%3A%22%23%22%2C%22icon%22%3A%22fab%7Capple%22%2C%22color%22%3A%22%23999999%22%7D%2C%7B%22type%22%3A%22youtube%22%2C%22url%22%3A%22%23%22%2C%22icon%22%3A%22fab%7Capple%22%2C%22color%22%3A%22%23999999%22%7D%5D&#8221; color=&#8221;text&#8221; hover=&#8221;none&#8221; size=&#8221;32px&#8221; align=&#8221;center&#8221;][\/vc_column][\/vc_row]<\/p>\n","protected":false},"excerpt":{"rendered":"<p>[vc_row bg_type=&#8221;bg_color&#8221; bg_color_value=&#8221;#f7f7f7&#8243;][vc_column][vc_custom_heading text=&#8221;TREDELADE RAMPER&#8221; font_container=&#8221;tag:h2|font_size:32px|text_align:center&#8221; google_fonts=&#8221;font_family:Lato%3A100%2C100italic%2C300%2C300italic%2Cregular%2Citalic%2C700%2C700italic%2C900%2C900italic|font_style:700%20bold%20regular%3A700%3Anormal&#8221;][us_separator size=&#8221;small&#8221; show_line=&#8221;1&#8243; line_width=&#8221;30&#8243; color=&#8221;switch_text&#8221;][vc_column_text el_class=&#8221;text3&#8243;] V\u00e5ra tredelade ramper har en l\u00e4gre h\u00f6jd n\u00e4r de \u00e4r ihopf\u00e4llda \u00e4n de tv\u00e5delade ramperna. De blir l\u00e4ngre i utf\u00e4llt l\u00e4ge, vilket ger mindre lutning. [\/vc_column_text][ultimate_spacer height=&#8221;16&#8243;][us_image image=&#8221;316&#8243; align=&#8221;center&#8221;][vc_row_inner][vc_column_inner width=&#8221;1\/3&#8243;][vc_column_text el_class=&#8221;text2&#8243;] Unik ytbel\u00e4ggning [\/vc_column_text][ultimate_spacer height=&#8221;8&#8243;][us_image image=&#8221;297&#8243; align=&#8221;center&#8221;][vc_column_text el_class=&#8221;text2&#8243;]Ytbel\u00e4ggning som ger ett v\u00e4ldigt bra [&hellip;]<\/p>\n","protected":false},"author":3,"featured_media":0,"parent":0,"menu_order":0,"comment_status":"closed","ping_status":"closed","template":"","meta":{"_et_pb_use_builder":"","_et_pb_old_content":"","_et_gb_content_width":"","footnotes":""},"class_list":["post-315","page","type-page","status-publish","hentry"],"_links":{"self":[{"href":"https:\/\/www.lastausramppi.fi\/wpolku\/wp-json\/wp\/v2\/pages\/315","targetHints":{"allow":["GET"]}}],"collection":[{"href":"https:\/\/www.lastausramppi.fi\/wpolku\/wp-json\/wp\/v2\/pages"}],"about":[{"href":"https:\/\/www.lastausramppi.fi\/wpolku\/wp-json\/wp\/v2\/types\/page"}],"author":[{"embeddable":true,"href":"https:\/\/www.lastausramppi.fi\/wpolku\/wp-json\/wp\/v2\/users\/3"}],"replies":[{"embeddable":true,"href":"https:\/\/www.lastausramppi.fi\/wpolku\/wp-json\/wp\/v2\/comments?post=315"}],"version-history":[{"count":1,"href":"https:\/\/www.lastausramppi.fi\/wpolku\/wp-json\/wp\/v2\/pages\/315\/revisions"}],"predecessor-version":[{"id":317,"href":"https:\/\/www.lastausramppi.fi\/wpolku\/wp-json\/wp\/v2\/pages\/315\/revisions\/317"}],"wp:attachment":[{"href":"https:\/\/www.lastausramppi.fi\/wpolku\/wp-json\/wp\/v2\/media?parent=315"}],"curies":[{"name":"wp","href":"https:\/\/api.w.org\/{rel}","templated":true}]}}