{"id":467,"date":"2019-03-10T18:38:44","date_gmt":"2019-03-10T17:38:44","guid":{"rendered":"http:\/\/lastausramppi.fi\/?page_id=467"},"modified":"2019-03-10T18:38:44","modified_gmt":"2019-03-10T17:38:44","slug":"contact","status":"publish","type":"page","link":"https:\/\/www.lastausramppi.fi\/wpolku\/contact\/","title":{"rendered":"Contact"},"content":{"rendered":"<p>[vc_row height=&#8221;auto&#8221; width=&#8221;full&#8221;][vc_column][vc_raw_html]JTNDaWZyYW1lJTIwc3JjJTNEJTIyaHR0cHMlM0ElMkYlMkZ3d3cuZ29vZ2xlLmNvbSUyRm1hcHMlMkZlbWJlZCUzRnBiJTNEJTIxMW0xOCUyMTFtMTIlMjExbTMlMjExZDE5NjQuNDE1MjYzMzEwNDEwNCUyMTJkMjUuMDcxNzQwOTE2MTIwMDE0JTIxM2Q2MC41MDQzNzY4ODIwODUzMiUyMTJtMyUyMTFmMCUyMTJmMCUyMTNmMCUyMTNtMiUyMTFpMTAyNCUyMTJpNzY4JTIxNGYxMy4xJTIxM20zJTIxMW0yJTIxMXMweDQ2OGUwMGUyMzE5M2EyNWQlMjUzQTB4ZDg4ZWE3YjFkNTg2ZTNlOSUyMTJ6UzJWb2FYUjB3NlJxdzZSdWEyRjBkU0F4Tml3Z01EUTBOREFnU3NPa2NuWmxibkREcE1Pa0xDQkdhVzVzWVc1a2FXRSUyMTVlMCUyMTNtMiUyMTFzcGwlMjEyc3BsJTIxNHYxNTUwNDIxNjYzMzUzJTIyJTIwd2lkdGglM0QlMjIxMDAlMjUlMjIlMjBoZWlnaHQlM0QlMjI0NTAlMjIlMjBmcmFtZWJvcmRlciUzRCUyMjAlMjIlMjBzdHlsZSUzRCUyMmJvcmRlciUzQTAlMjIlMjBhbGxvd2Z1bGxzY3JlZW4lM0UlM0MlMkZpZnJhbWUlM0U=[\/vc_raw_html][\/vc_column][\/vc_row][vc_row][vc_column][vc_custom_heading text=&#8221;Contact&#8221; font_container=&#8221;tag:h2|text_align:center&#8221; google_fonts=&#8221;font_family:Lato%3A100%2C100italic%2C300%2C300italic%2Cregular%2Citalic%2C700%2C700italic%2C900%2C900italic|font_style:400%20regular%3A400%3Anormal&#8221;][us_separator size=&#8221;small&#8221; show_line=&#8221;1&#8243; line_width=&#8221;50&#8243;][ultimate_spacer height=&#8221;24&#8243;][vc_row_inner][vc_column_inner width=&#8221;1\/3&#8243;][us_iconbox icon=&#8221;fas|map-marker&#8221; title=&#8221;Kehitt\u00e4j\u00e4nkatu 16,04440 J\u00e4rvenp\u00e4\u00e4&#8221;][\/us_iconbox][\/vc_column_inner][vc_column_inner width=&#8221;1\/3&#8243;][us_iconbox icon=&#8221;fas|phone&#8221; title=&#8221;040 1244 282&#8243;][\/us_iconbox][\/vc_column_inner][vc_column_inner width=&#8221;1\/3&#8243;][us_iconbox icon=&#8221;fas|envelope&#8221; title=&#8221;info@kuusiluoto.fi&#8221; link=&#8221;url:mailto%3Ainfo%40kuusiluoto.fi|||&#8221;][\/us_iconbox][\/vc_column_inner][\/vc_row_inner][\/vc_column][\/vc_row]<\/p>\n","protected":false},"excerpt":{"rendered":"<p>[vc_row height=&#8221;auto&#8221; width=&#8221;full&#8221;][vc_column][vc_raw_html]JTNDaWZyYW1lJTIwc3JjJTNEJTIyaHR0cHMlM0ElMkYlMkZ3d3cuZ29vZ2xlLmNvbSUyRm1hcHMlMkZlbWJlZCUzRnBiJTNEJTIxMW0xOCUyMTFtMTIlMjExbTMlMjExZDE5NjQuNDE1MjYzMzEwNDEwNCUyMTJkMjUuMDcxNzQwOTE2MTIwMDE0JTIxM2Q2MC41MDQzNzY4ODIwODUzMiUyMTJtMyUyMTFmMCUyMTJmMCUyMTNmMCUyMTNtMiUyMTFpMTAyNCUyMTJpNzY4JTIxNGYxMy4xJTIxM20zJTIxMW0yJTIxMXMweDQ2OGUwMGUyMzE5M2EyNWQlMjUzQTB4ZDg4ZWE3YjFkNTg2ZTNlOSUyMTJ6UzJWb2FYUjB3NlJxdzZSdWEyRjBkU0F4Tml3Z01EUTBOREFnU3NPa2NuWmxibkREcE1Pa0xDQkdhVzVzWVc1a2FXRSUyMTVlMCUyMTNtMiUyMTFzcGwlMjEyc3BsJTIxNHYxNTUwNDIxNjYzMzUzJTIyJTIwd2lkdGglM0QlMjIxMDAlMjUlMjIlMjBoZWlnaHQlM0QlMjI0NTAlMjIlMjBmcmFtZWJvcmRlciUzRCUyMjAlMjIlMjBzdHlsZSUzRCUyMmJvcmRlciUzQTAlMjIlMjBhbGxvd2Z1bGxzY3JlZW4lM0UlM0MlMkZpZnJhbWUlM0U=[\/vc_raw_html][\/vc_column][\/vc_row][vc_row][vc_column][vc_custom_heading text=&#8221;Contact&#8221; font_container=&#8221;tag:h2|text_align:center&#8221; google_fonts=&#8221;font_family:Lato%3A100%2C100italic%2C300%2C300italic%2Cregular%2Citalic%2C700%2C700italic%2C900%2C900italic|font_style:400%20regular%3A400%3Anormal&#8221;][us_separator size=&#8221;small&#8221; show_line=&#8221;1&#8243; line_width=&#8221;50&#8243;][ultimate_spacer height=&#8221;24&#8243;][vc_row_inner][vc_column_inner width=&#8221;1\/3&#8243;][us_iconbox icon=&#8221;fas|map-marker&#8221; title=&#8221;Kehitt\u00e4j\u00e4nkatu 16,04440 J\u00e4rvenp\u00e4\u00e4&#8221;][\/us_iconbox][\/vc_column_inner][vc_column_inner width=&#8221;1\/3&#8243;][us_iconbox icon=&#8221;fas|phone&#8221; title=&#8221;040 1244 282&#8243;][\/us_iconbox][\/vc_column_inner][vc_column_inner width=&#8221;1\/3&#8243;][us_iconbox icon=&#8221;fas|envelope&#8221; title=&#8221;info@kuusiluoto.fi&#8221; link=&#8221;url:mailto%3Ainfo%40kuusiluoto.fi|||&#8221;][\/us_iconbox][\/vc_column_inner][\/vc_row_inner][\/vc_column][\/vc_row]<\/p>\n","protected":false},"author":3,"featured_media":0,"parent":0,"menu_order":0,"comment_status":"closed","ping_status":"closed","template":"","meta":{"_et_pb_use_builder":"","_et_pb_old_content":"","_et_gb_content_width":"","footnotes":""},"class_list":["post-467","page","type-page","status-publish","hentry"],"_links":{"self":[{"href":"https:\/\/www.lastausramppi.fi\/wpolku\/wp-json\/wp\/v2\/pages\/467","targetHints":{"allow":["GET"]}}],"collection":[{"href":"https:\/\/www.lastausramppi.fi\/wpolku\/wp-json\/wp\/v2\/pages"}],"about":[{"href":"https:\/\/www.lastausramppi.fi\/wpolku\/wp-json\/wp\/v2\/types\/page"}],"author":[{"embeddable":true,"href":"https:\/\/www.lastausramppi.fi\/wpolku\/wp-json\/wp\/v2\/users\/3"}],"replies":[{"embeddable":true,"href":"https:\/\/www.lastausramppi.fi\/wpolku\/wp-json\/wp\/v2\/comments?post=467"}],"version-history":[{"count":1,"href":"https:\/\/www.lastausramppi.fi\/wpolku\/wp-json\/wp\/v2\/pages\/467\/revisions"}],"predecessor-version":[{"id":468,"href":"https:\/\/www.lastausramppi.fi\/wpolku\/wp-json\/wp\/v2\/pages\/467\/revisions\/468"}],"wp:attachment":[{"href":"https:\/\/www.lastausramppi.fi\/wpolku\/wp-json\/wp\/v2\/media?parent=467"}],"curies":[{"name":"wp","href":"https:\/\/api.w.org\/{rel}","templated":true}]}}