{"id":611,"date":"2019-03-17T19:09:03","date_gmt":"2019-03-17T18:09:03","guid":{"rendered":"http:\/\/lastausramppi.fi\/?page_id=611"},"modified":"2026-04-06T08:01:39","modified_gmt":"2026-04-06T05:01:39","slug":"kynnysluiskat","status":"publish","type":"page","link":"https:\/\/www.lastausramppi.fi\/wpolku\/kynnysluiskat\/","title":{"rendered":"Kynnysluiskat"},"content":{"rendered":"<p>[et_pb_section fb_built=&#8221;1&#8243; _builder_version=&#8221;4.27.6&#8243; background_enable_color=&#8221;off&#8221; custom_padding=&#8221;54px||54px||false|false&#8221; global_colors_info=&#8221;{}&#8221;][et_pb_row _builder_version=&#8221;4.27.6&#8243; custom_padding=&#8221;27px||0px||false|false&#8221; global_colors_info=&#8221;{}&#8221;][et_pb_column type=&#8221;4_4&#8243; _builder_version=&#8221;4.27.6&#8243; global_colors_info=&#8221;{}&#8221;][et_pb_text _builder_version=&#8221;4.27.6&#8243; header_2_font=&#8221;Lato||||||||&#8221; header_2_text_align=&#8221;center&#8221; header_2_font_size=&#8221;36px&#8221; header_2_line_height=&#8221;1.4em&#8221; custom_margin=&#8221;||10px||false|false&#8221; global_colors_info=&#8221;{}&#8221;]\t\t\t\t<\/p>\n<h2>KYNNYSLUISKAT<\/h2>\n<p>[\/et_pb_text][et_pb_divider color=&#8221;#333333&#8243; divider_weight=&#8221;2px&#8221; _builder_version=&#8221;4.27.6&#8243; custom_margin=&#8221;0px||20px||false|false&#8221; global_colors_info=&#8221;{}&#8221;]\t\t\t[\/et_pb_divider][et_pb_text _builder_version=&#8221;4.27.6&#8243; text_font=&#8221;Lato||||||||&#8221; text_text_color=&#8221;#848484&#8243; text_font_size=&#8221;24px&#8221; text_line_height=&#8221;1.5em&#8221; text_orientation=&#8221;center&#8221; custom_margin=&#8221;||16px||false|false&#8221; global_colors_info=&#8221;{}&#8221;]\t\t\t\t<\/p>\n<p>Kynnyksien ylitykset sujuu helposti n\u00e4ill\u00e4 rampeilla. Ramppeja on saatavilla eri kokoisina kotiisi sopivaksi. Pinta on liukumaton.<\/p>\n<p>[\/et_pb_text][et_pb_image src=&#8221;https:\/\/www.lastausramppi.fi\/wpolku\/wp-content\/uploads\/2019\/02\/17-1024&#215;634.png&#8221; align=&#8221;center&#8221; _builder_version=&#8221;4.27.6&#8243; global_colors_info=&#8221;{}&#8221;]\t\t\t[\/et_pb_image][\/et_pb_column][\/et_pb_row][et_pb_row column_structure=&#8221;1_3,1_3,1_3&#8243; _builder_version=&#8221;4.27.6&#8243; custom_margin=&#8221;16px||||false|false&#8221; global_colors_info=&#8221;{}&#8221;][et_pb_column type=&#8221;1_3&#8243; _builder_version=&#8221;4.27.6&#8243; global_colors_info=&#8221;{}&#8221;][et_pb_text _builder_version=&#8221;4.27.6&#8243; header_2_font=&#8221;Lato||||700|||&#8221; header_2_text_align=&#8221;center&#8221; header_2_font_size=&#8221;22px&#8221; custom_margin=&#8221;||12px||false|false&#8221; global_colors_info=&#8221;{}&#8221;]\t\t\t\t<\/p>\n<h2>Ratkaisu kynnyksiin<\/h2>\n<p>[\/et_pb_text][et_pb_image src=&#8221;https:\/\/www.lastausramppi.fi\/wpolku\/wp-content\/uploads\/2019\/02\/18-1.jpg&#8221; align=&#8221;center&#8221; _builder_version=&#8221;4.27.6&#8243; global_colors_info=&#8221;{}&#8221;]\t\t\t[\/et_pb_image][\/et_pb_column][et_pb_column type=&#8221;1_3&#8243; _builder_version=&#8221;4.27.6&#8243; global_colors_info=&#8221;{}&#8221;][et_pb_text _builder_version=&#8221;4.27.6&#8243; header_2_font=&#8221;Lato||||700|||&#8221; header_2_text_align=&#8221;center&#8221; header_2_font_size=&#8221;22px&#8221; custom_margin=&#8221;||12px||false|false&#8221; global_colors_info=&#8221;{}&#8221;]\t\t\t\t<\/p>\n<h2>Taitettava<\/h2>\n<p>[\/et_pb_text][et_pb_image src=&#8221;https:\/\/www.lastausramppi.fi\/wpolku\/wp-content\/uploads\/2019\/02\/19-1.jpg&#8221; align=&#8221;center&#8221; _builder_version=&#8221;4.27.6&#8243; global_colors_info=&#8221;{}&#8221;]\t\t\t[\/et_pb_image][\/et_pb_column][et_pb_column type=&#8221;1_3&#8243; _builder_version=&#8221;4.27.6&#8243; global_colors_info=&#8221;{}&#8221;][et_pb_text _builder_version=&#8221;4.27.6&#8243; header_2_font=&#8221;Lato||||700|||&#8221; header_2_text_align=&#8221;center&#8221; header_2_font_size=&#8221;22px&#8221; custom_margin=&#8221;||12px||false|false&#8221; global_colors_info=&#8221;{}&#8221;]\t\t\t\t<\/p>\n<h2>Yksinkertainen<\/h2>\n<p>[\/et_pb_text][et_pb_image src=&#8221;https:\/\/www.lastausramppi.fi\/wpolku\/wp-content\/uploads\/2019\/02\/20.jpg&#8221; align=&#8221;center&#8221; _builder_version=&#8221;4.27.6&#8243; global_colors_info=&#8221;{}&#8221;]\t\t\t[\/et_pb_image][\/et_pb_column][\/et_pb_row][\/et_pb_section][et_pb_section fb_built=&#8221;1&#8243; _builder_version=&#8221;4.27.6&#8243; custom_padding=&#8221;54px||20px||false|false&#8221; global_colors_info=&#8221;{}&#8221;][et_pb_row _builder_version=&#8221;4.27.6&#8243; global_colors_info=&#8221;{}&#8221;][et_pb_column type=&#8221;4_4&#8243; _builder_version=&#8221;4.27.6&#8243; global_colors_info=&#8221;{}&#8221;][et_pb_text _builder_version=&#8221;4.27.6&#8243; header_2_font=&#8221;Lato||||||||&#8221; header_2_text_align=&#8221;center&#8221; header_2_font_size=&#8221;36px&#8221; header_2_line_height=&#8221;1.4em&#8221; global_colors_info=&#8221;{}&#8221;]\t\t\t\t<\/p>\n<h2>Kynnysluiskat \u2013 Tuotevalikoima<\/h2>\n<p>[\/et_pb_text][et_pb_text _builder_version=&#8221;4.27.6&#8243; text_font=&#8221;Lato||||||||&#8221; text_font_size=&#8221;15px&#8221; text_line_height=&#8221;1.8em&#8221; custom_margin=&#8221;10px||20px||false|false&#8221; global_colors_info=&#8221;{}&#8221;]\t\t\t\t<\/p>\n<p>Yksinkertainen malli yleisk\u00e4ytt\u00f6\u00f6n.<\/p>\n<p>[\/et_pb_text][\/et_pb_column][\/et_pb_row][et_pb_row column_structure=&#8221;1_3,1_3,1_3&#8243; _builder_version=&#8221;4.27.6&#8243; global_colors_info=&#8221;{}&#8221;][et_pb_column type=&#8221;1_3&#8243; _builder_version=&#8221;4.27.6&#8243; background_color=&#8221;#f7f7f7&#8243; custom_padding=&#8221;20px|20px|20px|20px|false|false&#8221; global_colors_info=&#8221;{}&#8221;][et_pb_text _builder_version=&#8221;4.27.6&#8243; text_font=&#8221;Lato||||||||&#8221; text_font_size=&#8221;15px&#8221; text_line_height=&#8221;1.8em&#8221; global_colors_info=&#8221;{}&#8221;]\t\t\t\t<\/p>\n<h5><strong>DI1040<\/strong><\/h5>\n<p>Pituus (cm \/ in): 40\/16<br \/>Paino (kg \/ lb): 3 \/ 6,6<br \/>Leveys (cm \/ in): 75\/30<br \/>Max. kuormitus (kg \/ lb): 300\/660<\/p>\n<p>[\/et_pb_text][\/et_pb_column][et_pb_column type=&#8221;1_3&#8243; _builder_version=&#8221;4.27.6&#8243; background_color=&#8221;#f7f7f7&#8243; custom_padding=&#8221;20px|20px|20px|20px|false|false&#8221; global_colors_info=&#8221;{}&#8221;][et_pb_text _builder_version=&#8221;4.27.6&#8243; text_font=&#8221;Lato||||||||&#8221; text_font_size=&#8221;15px&#8221; text_line_height=&#8221;1.8em&#8221; global_colors_info=&#8221;{}&#8221;]\t\t\t\t<\/p>\n<h5><strong>DI1080<\/strong><\/h5>\n<p>Pituus (cm \/ in): 80\/32<br \/>Paino (kg \/ lb): 7 \/ 15,4<br \/>Leveys (cm \/ in): 75\/30<br \/>Max. kuormitus (kg \/ lb): 300\/660<\/p>\n<p>[\/et_pb_text][\/et_pb_column][et_pb_column type=&#8221;1_3&#8243; _builder_version=&#8221;4.27.6&#8243; background_color=&#8221;#f7f7f7&#8243; custom_padding=&#8221;20px|20px|20px|20px|false|false&#8221; global_colors_info=&#8221;{}&#8221;][et_pb_text _builder_version=&#8221;4.27.6&#8243; text_font=&#8221;Lato||||||||&#8221; text_font_size=&#8221;15px&#8221; text_line_height=&#8221;1.8em&#8221; global_colors_info=&#8221;{}&#8221;]\t\t\t\t<\/p>\n<h5><strong>DI1120<\/strong><\/h5>\n<p>Pituus (cm \/ in): 120\/47<br \/>Paino (kg \/ lb): 9 \/ 19,8<br \/>Leveys (cm \/ in): 75\/30<br \/>Max. kuormitus (kg \/ lb): 250\/550<\/p>\n<p>[\/et_pb_text][\/et_pb_column][\/et_pb_row][et_pb_row _builder_version=&#8221;4.27.6&#8243; global_colors_info=&#8221;{}&#8221;][et_pb_column type=&#8221;4_4&#8243; _builder_version=&#8221;4.27.6&#8243; global_colors_info=&#8221;{}&#8221;][et_pb_text _builder_version=&#8221;4.27.6&#8243; text_font=&#8221;Lato||||||||&#8221; text_font_size=&#8221;15px&#8221; text_line_height=&#8221;1.8em&#8221; custom_margin=&#8221;20px||20px||false|false&#8221; global_colors_info=&#8221;{}&#8221;]\t\t\t\t<\/p>\n<p>Kaksiosainen malli kynnyksiin ja sopii my\u00f6s liukuoviin.<\/p>\n<p>[\/et_pb_text][\/et_pb_column][\/et_pb_row][et_pb_row column_structure=&#8221;1_3,1_3,1_3&#8243; _builder_version=&#8221;4.27.6&#8243; global_colors_info=&#8221;{}&#8221;][et_pb_column type=&#8221;1_3&#8243; _builder_version=&#8221;4.27.6&#8243; background_color=&#8221;#f7f7f7&#8243; custom_padding=&#8221;20px|20px|20px|20px|false|false&#8221; global_colors_info=&#8221;{}&#8221;][et_pb_text _builder_version=&#8221;4.27.6&#8243; text_font=&#8221;Lato||||||||&#8221; text_font_size=&#8221;15px&#8221; text_line_height=&#8221;1.8em&#8221; global_colors_info=&#8221;{}&#8221;]\t\t\t\t<\/p>\n<h5><strong>DI2080<\/strong><\/h5>\n<p>Pituus (cm \/ in): 80\/45 \/ 32\/18<br \/>S\u00e4\u00e4dett\u00e4v\u00e4 korkeus (cm \/ in): 5-10 \/ 2-6<br \/>Paino (kg \/ lb): 10 \/ 22,0<br \/>Leveys (cm \/ in): 75\/30<br \/>Max. kuormitus (kg \/ lb): 300\/660<\/p>\n<p>[\/et_pb_text][\/et_pb_column][et_pb_column type=&#8221;1_3&#8243; _builder_version=&#8221;4.27.6&#8243; background_color=&#8221;#f7f7f7&#8243; custom_padding=&#8221;20px|20px|20px|20px|false|false&#8221; global_colors_info=&#8221;{}&#8221;][et_pb_text _builder_version=&#8221;4.27.6&#8243; text_font=&#8221;Lato||||||||&#8221; text_font_size=&#8221;15px&#8221; text_line_height=&#8221;1.8em&#8221; global_colors_info=&#8221;{}&#8221;]\t\t\t\t<\/p>\n<h5><strong>DI2125<\/strong><\/h5>\n<p>Pituus (cm \/ in): 125\/45 \/ 49\/18<br \/>S\u00e4\u00e4dett\u00e4v\u00e4 korkeus (cm \/ in): 5-10 \/ 2-6<br \/>Paino (kg \/ lb): 13 \/ 28,7<br \/>Leveys (cm \/ in): 75\/30<br \/>Max. kuormitus (kg \/ lb): 300\/660<\/p>\n<p>[\/et_pb_text][\/et_pb_column][et_pb_column type=&#8221;1_3&#8243; _builder_version=&#8221;4.27.6&#8243; global_colors_info=&#8221;{}&#8221;]\t\t[\/et_pb_column][\/et_pb_row][\/et_pb_section]<\/p>\n","protected":false},"excerpt":{"rendered":"<p>KYNNYSLUISKAT Kynnyksien ylitykset sujuu helposti n\u00e4ill\u00e4 rampeilla. Ramppeja on saatavilla eri kokoisina kotiisi sopivaksi. Pinta on liukumaton. Ratkaisu kynnyksiin Taitettava Yksinkertainen Kynnysluiskat \u2013 Tuotevalikoima Yksinkertainen malli yleisk\u00e4ytt\u00f6\u00f6n. DI1040 Pituus (cm \/ in): 40\/16Paino (kg \/ lb): 3 \/ 6,6Leveys (cm \/ in): 75\/30Max. kuormitus (kg \/ lb): 300\/660 DI1080 Pituus (cm \/ in): 80\/32Paino (kg [&hellip;]<\/p>\n","protected":false},"author":3,"featured_media":0,"parent":0,"menu_order":0,"comment_status":"closed","ping_status":"closed","template":"","meta":{"_et_pb_use_builder":"on","_et_pb_old_content":"[et_pb_section fb_built=\"1\" _builder_version=\"4.27.6\" background_color=\"#f7f7f7\" custom_padding=\"54px||54px||false|false\"]\r\n\t[et_pb_row _builder_version=\"4.27.6\" custom_padding=\"27px||0px||false|false\"]\r\n\t\t[et_pb_column type=\"4_4\" _builder_version=\"4.27.6\"]\r\n\t\t\t[et_pb_text _builder_version=\"4.27.6\" header_2_font=\"Lato||||||||\" header_2_font_size=\"36px\" header_2_text_align=\"center\" header_2_line_height=\"1.4em\" custom_margin=\"||10px||false|false\"]\r\n\t\t\t\t<h2>KYNNYSLUISKAT<\/h2>\r\n\t\t\t[\/et_pb_text]\r\n\r\n\t\t\t[et_pb_divider _builder_version=\"4.27.6\" color=\"#333333\" divider_weight=\"2px\" divider_width=\"30px\" divider_alignment=\"center\" custom_margin=\"0px||20px||false|false\"]\r\n\t\t\t[\/et_pb_divider]\r\n\r\n\t\t\t[et_pb_text _builder_version=\"4.27.6\" text_font=\"Lato||||||||\" text_font_size=\"24px\" text_text_color=\"#848484\" text_line_height=\"1.5em\" text_orientation=\"center\" custom_margin=\"||16px||false|false\"]\r\n\t\t\t\t<p>Kynnyksien ylitykset sujuu helposti n\u00e4ill\u00e4 rampeilla. Ramppeja on saatavilla eri kokoisina kotiisi sopivaksi. Pinta on liukumaton.<\/p>\r\n\t\t\t[\/et_pb_text]\r\n\r\n\t\t\t[et_pb_image src=\"https:\/\/www.lastausramppi.fi\/wpolku\/wp-content\/uploads\/2019\/02\/17-1024x634.png\" url_new_window=\"off\" align=\"center\" _builder_version=\"4.27.6\"]\r\n\t\t\t[\/et_pb_image]\r\n\t\t[\/et_pb_column]\r\n\t[\/et_pb_row]\r\n\r\n\t[et_pb_row column_structure=\"1_3,1_3,1_3\" _builder_version=\"4.27.6\" gutter_width=\"3\" custom_margin=\"16px||||false|false\"]\r\n\t\t[et_pb_column type=\"1_3\" _builder_version=\"4.27.6\"]\r\n\t\t\t[et_pb_text _builder_version=\"4.27.6\" header_2_font=\"Lato||||700|||\" header_2_font_size=\"22px\" header_2_text_align=\"center\" custom_margin=\"||12px||false|false\"]\r\n\t\t\t\t<h2>Ratkaisu kynnyksiin<\/h2>\r\n\t\t\t[\/et_pb_text]\r\n\t\t\t[et_pb_image src=\"https:\/\/www.lastausramppi.fi\/wpolku\/wp-content\/uploads\/2019\/02\/18-1.jpg\" url_new_window=\"off\" align=\"center\" _builder_version=\"4.27.6\"]\r\n\t\t\t[\/et_pb_image]\r\n\t\t[\/et_pb_column]\r\n\r\n\t\t[et_pb_column type=\"1_3\" _builder_version=\"4.27.6\"]\r\n\t\t\t[et_pb_text _builder_version=\"4.27.6\" header_2_font=\"Lato||||700|||\" header_2_font_size=\"22px\" header_2_text_align=\"center\" custom_margin=\"||12px||false|false\"]\r\n\t\t\t\t<h2>Taitettava<\/h2>\r\n\t\t\t[\/et_pb_text]\r\n\t\t\t[et_pb_image src=\"https:\/\/www.lastausramppi.fi\/wpolku\/wp-content\/uploads\/2019\/02\/19-1.jpg\" url_new_window=\"off\" align=\"center\" _builder_version=\"4.27.6\"]\r\n\t\t\t[\/et_pb_image]\r\n\t\t[\/et_pb_column]\r\n\r\n\t\t[et_pb_column type=\"1_3\" _builder_version=\"4.27.6\"]\r\n\t\t\t[et_pb_text _builder_version=\"4.27.6\" header_2_font=\"Lato||||700|||\" header_2_font_size=\"22px\" header_2_text_align=\"center\" custom_margin=\"||12px||false|false\"]\r\n\t\t\t\t<h2>Yksinkertainen<\/h2>\r\n\t\t\t[\/et_pb_text]\r\n\t\t\t[et_pb_image src=\"https:\/\/www.lastausramppi.fi\/wpolku\/wp-content\/uploads\/2019\/02\/20.jpg\" url_new_window=\"off\" align=\"center\" _builder_version=\"4.27.6\"]\r\n\t\t\t[\/et_pb_image]\r\n\t\t[\/et_pb_column]\r\n\t[\/et_pb_row]\r\n[\/et_pb_section]\r\n\r\n[et_pb_section fb_built=\"1\" _builder_version=\"4.27.6\" custom_padding=\"54px||20px||false|false\"]\r\n\t[et_pb_row _builder_version=\"4.27.6\"]\r\n\t\t[et_pb_column type=\"4_4\" _builder_version=\"4.27.6\"]\r\n\t\t\t[et_pb_text _builder_version=\"4.27.6\" header_2_font=\"Lato||||||||\" header_2_font_size=\"36px\" header_2_text_align=\"center\" header_2_line_height=\"1.4em\"]\r\n\t\t\t\t<h2>Kynnysluiskat \u2013 Tuotevalikoima<\/h2>\r\n\t\t\t[\/et_pb_text]\r\n\r\n\t\t\t[et_pb_text _builder_version=\"4.27.6\" text_font=\"Lato||||||||\" text_font_size=\"15px\" text_line_height=\"1.8em\" custom_margin=\"10px||20px||false|false\"]\r\n\t\t\t\t<p>Yksinkertainen malli yleisk\u00e4ytt\u00f6\u00f6n.<\/p>\r\n\t\t\t[\/et_pb_text]\r\n\t\t[\/et_pb_column]\r\n\t[\/et_pb_row]\r\n\r\n\t[et_pb_row column_structure=\"1_3,1_3,1_3\" _builder_version=\"4.27.6\" gutter_width=\"2\"]\r\n\t\t[et_pb_column type=\"1_3\" _builder_version=\"4.27.6\" background_color=\"#f7f7f7\" custom_padding=\"20px|20px|20px|20px|false|false\"]\r\n\t\t\t[et_pb_text _builder_version=\"4.27.6\" text_font=\"Lato||||||||\" text_font_size=\"15px\" text_line_height=\"1.8em\"]\r\n\t\t\t\t<h5><strong>DI1040<\/strong><\/h5>\r\n\t\t\t\t<p>Pituus (cm \/ in): 40\/16<br>Paino (kg \/ lb): 3 \/ 6,6<br>Leveys (cm \/ in): 75\/30<br>Max. kuormitus (kg \/ lb): 300\/660<\/p>\r\n\t\t\t[\/et_pb_text]\r\n\t\t[\/et_pb_column]\r\n\r\n\t\t[et_pb_column type=\"1_3\" _builder_version=\"4.27.6\" background_color=\"#f7f7f7\" custom_padding=\"20px|20px|20px|20px|false|false\"]\r\n\t\t\t[et_pb_text _builder_version=\"4.27.6\" text_font=\"Lato||||||||\" text_font_size=\"15px\" text_line_height=\"1.8em\"]\r\n\t\t\t\t<h5><strong>DI1080<\/strong><\/h5>\r\n\t\t\t\t<p>Pituus (cm \/ in): 80\/32<br>Paino (kg \/ lb): 7 \/ 15,4<br>Leveys (cm \/ in): 75\/30<br>Max. kuormitus (kg \/ lb): 300\/660<\/p>\r\n\t\t\t[\/et_pb_text]\r\n\t\t[\/et_pb_column]\r\n\r\n\t\t[et_pb_column type=\"1_3\" _builder_version=\"4.27.6\" background_color=\"#f7f7f7\" custom_padding=\"20px|20px|20px|20px|false|false\"]\r\n\t\t\t[et_pb_text _builder_version=\"4.27.6\" text_font=\"Lato||||||||\" text_font_size=\"15px\" text_line_height=\"1.8em\"]\r\n\t\t\t\t<h5><strong>DI1120<\/strong><\/h5>\r\n\t\t\t\t<p>Pituus (cm \/ in): 120\/47<br>Paino (kg \/ lb): 9 \/ 19,8<br>Leveys (cm \/ in): 75\/30<br>Max. kuormitus (kg \/ lb): 250\/550<\/p>\r\n\t\t\t[\/et_pb_text]\r\n\t\t[\/et_pb_column]\r\n\t[\/et_pb_row]\r\n\r\n\t[et_pb_row _builder_version=\"4.27.6\"]\r\n\t\t[et_pb_column type=\"4_4\" _builder_version=\"4.27.6\"]\r\n\t\t\t[et_pb_text _builder_version=\"4.27.6\" text_font=\"Lato||||||||\" text_font_size=\"15px\" text_line_height=\"1.8em\" custom_margin=\"20px||20px||false|false\"]\r\n\t\t\t\t<p>Kaksiosainen malli kynnyksiin ja sopii my\u00f6s liukuoviin.<\/p>\r\n\t\t\t[\/et_pb_text]\r\n\t\t[\/et_pb_column]\r\n\t[\/et_pb_row]\r\n\r\n\t[et_pb_row column_structure=\"1_3,1_3,1_3\" _builder_version=\"4.27.6\" gutter_width=\"2\"]\r\n\t\t[et_pb_column type=\"1_3\" _builder_version=\"4.27.6\" background_color=\"#f7f7f7\" custom_padding=\"20px|20px|20px|20px|false|false\"]\r\n\t\t\t[et_pb_text _builder_version=\"4.27.6\" text_font=\"Lato||||||||\" text_font_size=\"15px\" text_line_height=\"1.8em\"]\r\n\t\t\t\t<h5><strong>DI2080<\/strong><\/h5>\r\n\t\t\t\t<p>Pituus (cm \/ in): 80\/45 \/ 32\/18<br>S\u00e4\u00e4dett\u00e4v\u00e4 korkeus (cm \/ in): 5-10 \/ 2-6<br>Paino (kg \/ lb): 10 \/ 22,0<br>Leveys (cm \/ in): 75\/30<br>Max. kuormitus (kg \/ lb): 300\/660<\/p>\r\n\t\t\t[\/et_pb_text]\r\n\t\t[\/et_pb_column]\r\n\r\n\t\t[et_pb_column type=\"1_3\" _builder_version=\"4.27.6\" background_color=\"#f7f7f7\" custom_padding=\"20px|20px|20px|20px|false|false\"]\r\n\t\t\t[et_pb_text _builder_version=\"4.27.6\" text_font=\"Lato||||||||\" text_font_size=\"15px\" text_line_height=\"1.8em\"]\r\n\t\t\t\t<h5><strong>DI2125<\/strong><\/h5>\r\n\t\t\t\t<p>Pituus (cm \/ in): 125\/45 \/ 49\/18<br>S\u00e4\u00e4dett\u00e4v\u00e4 korkeus (cm \/ in): 5-10 \/ 2-6<br>Paino (kg \/ lb): 13 \/ 28,7<br>Leveys (cm \/ in): 75\/30<br>Max. kuormitus (kg \/ lb): 300\/660<\/p>\r\n\t\t\t[\/et_pb_text]\r\n\t\t[\/et_pb_column]\r\n\r\n\t\t[et_pb_column type=\"1_3\" _builder_version=\"4.27.6\"]\r\n\t\t[\/et_pb_column]\r\n\t[\/et_pb_row]\r\n[\/et_pb_section]","_et_gb_content_width":"","footnotes":""},"class_list":["post-611","page","type-page","status-publish","hentry"],"_links":{"self":[{"href":"https:\/\/www.lastausramppi.fi\/wpolku\/wp-json\/wp\/v2\/pages\/611","targetHints":{"allow":["GET"]}}],"collection":[{"href":"https:\/\/www.lastausramppi.fi\/wpolku\/wp-json\/wp\/v2\/pages"}],"about":[{"href":"https:\/\/www.lastausramppi.fi\/wpolku\/wp-json\/wp\/v2\/types\/page"}],"author":[{"embeddable":true,"href":"https:\/\/www.lastausramppi.fi\/wpolku\/wp-json\/wp\/v2\/users\/3"}],"replies":[{"embeddable":true,"href":"https:\/\/www.lastausramppi.fi\/wpolku\/wp-json\/wp\/v2\/comments?post=611"}],"version-history":[{"count":6,"href":"https:\/\/www.lastausramppi.fi\/wpolku\/wp-json\/wp\/v2\/pages\/611\/revisions"}],"predecessor-version":[{"id":1316,"href":"https:\/\/www.lastausramppi.fi\/wpolku\/wp-json\/wp\/v2\/pages\/611\/revisions\/1316"}],"wp:attachment":[{"href":"https:\/\/www.lastausramppi.fi\/wpolku\/wp-json\/wp\/v2\/media?parent=611"}],"curies":[{"name":"wp","href":"https:\/\/api.w.org\/{rel}","templated":true}]}}