{"id":614,"date":"2019-03-19T14:15:30","date_gmt":"2019-03-19T13:15:30","guid":{"rendered":"http:\/\/lastausramppi.fi\/?page_id=614"},"modified":"2026-04-06T08:16:44","modified_gmt":"2026-04-06T05:16:44","slug":"jarjestelma-ja-moduulirampit","status":"publish","type":"page","link":"https:\/\/www.lastausramppi.fi\/wpolku\/jarjestelma-ja-moduulirampit\/","title":{"rendered":"Kulkusillat"},"content":{"rendered":"<p>[et_pb_section fb_built=&#8221;1&#8243; _builder_version=&#8221;4.27.6&#8243; background_color=&#8221;rgba(153,153,153,0.05)&#8221; background_image=&#8221;https:\/\/www.lastausramppi.fi\/wpolku\/wp-content\/uploads\/2019\/02\/background.jpg&#8221; background_blend=&#8221;overlay&#8221; custom_padding=&#8221;0px|0px|0px|0px|false|false&#8221; global_colors_info=&#8221;{}&#8221;][et_pb_row _builder_version=&#8221;4.27.6&#8243; width=&#8221;100%&#8221; custom_padding=&#8221;180px|0px|180px|0px|false|false&#8221; global_colors_info=&#8221;{}&#8221;][et_pb_column type=&#8221;4_4&#8243; _builder_version=&#8221;4.27.6&#8243; global_colors_info=&#8221;{}&#8221;][et_pb_text _builder_version=&#8221;4.27.6&#8243; text_font=&#8221;Lato||||||||&#8221; text_text_color=&#8221;#FFFFFF&#8221; text_font_size=&#8221;24px&#8221; text_orientation=&#8221;center&#8221; custom_css_main_element=&#8221;text-shadow: 1px 1px 0 #000;&#8221; global_colors_info=&#8221;{}&#8221;]\t\t\t\t<\/p>\n<p>EVERYDAY FREEDOM \u2013 RAMPS TO OVERCOME OBSTACLES<\/p>\n<p>[\/et_pb_text][et_pb_text _builder_version=&#8221;4.27.6&#8243; hover_enabled=&#8221;0&#8243; custom_css_main_element=&#8221;text-shadow: 1px 1px 0 #000;&#8221; global_colors_info=&#8221;{}&#8221; header_text_align=&#8221;center&#8221; module_alignment=&#8221;center&#8221; sticky_enabled=&#8221;0&#8243;]<\/p>\n<h1>WE MAKE THE WORLD MORE ACCESSIBLE<\/h1>\n<p>[\/et_pb_text][\/et_pb_column][\/et_pb_row][\/et_pb_section][et_pb_section fb_built=&#8221;1&#8243; _builder_version=&#8221;4.27.6&#8243; background_color=&#8221;#f7f7f7&#8243; custom_padding=&#8221;60px|0px|60px|0px|false|false&#8221; global_colors_info=&#8221;{}&#8221;][et_pb_row _builder_version=&#8221;4.27.6&#8243; global_colors_info=&#8221;{}&#8221;][et_pb_column type=&#8221;4_4&#8243; _builder_version=&#8221;4.27.6&#8243; global_colors_info=&#8221;{}&#8221;][et_pb_text _builder_version=&#8221;4.27.6&#8243; header_2_font=&#8221;Lato||||700|||&#8221; header_2_text_align=&#8221;center&#8221; header_2_font_size=&#8221;36px&#8221; global_colors_info=&#8221;{}&#8221;]\t\t\t\t<\/p>\n<h2>KULKUSILLAT<\/h2>\n<p>[\/et_pb_text][et_pb_divider divider_weight=&#8221;2px&#8221; _builder_version=&#8221;4.27.6&#8243; global_colors_info=&#8221;{}&#8221;]\t\t\t[\/et_pb_divider][et_pb_text _builder_version=&#8221;4.27.6&#8243; text_font=&#8221;Lato||||||||&#8221; text_text_color=&#8221;#848484&#8243; text_font_size=&#8221;24px&#8221; text_orientation=&#8221;center&#8221; global_colors_info=&#8221;{}&#8221;]\t\t\t\t<\/p>\n<p>Kaikki asunnot ovat erilaisia. Siksi kulkusiltojamme on saatavana eri leveyksill\u00e4- ja pituuksilla. K\u00e4\u00e4nt\u00f6kappaleita 22,5, 45, 90 tai 180 astetta. Moduuleja voidaan yhdist\u00e4\u00e4 loputtomasti.<\/p>\n<p>[\/et_pb_text][et_pb_image src=&#8221;https:\/\/www.lastausramppi.fi\/wpolku\/wp-content\/uploads\/2019\/02\/21-1024&#215;564.jpg&#8221; align=&#8221;center&#8221; _builder_version=&#8221;4.27.6&#8243; global_colors_info=&#8221;{}&#8221;]\t\t\t[\/et_pb_image][\/et_pb_column][\/et_pb_row][et_pb_row column_structure=&#8221;1_2,1_2&#8243; _builder_version=&#8221;4.27.6&#8243; custom_padding=&#8221;20px|0px|0px|0px|false|false&#8221; global_colors_info=&#8221;{}&#8221;][et_pb_column type=&#8221;1_2&#8243; _builder_version=&#8221;4.27.6&#8243; global_colors_info=&#8221;{}&#8221;][et_pb_text _builder_version=&#8221;4.27.6&#8243; text_font=&#8221;Lato||||||||&#8221; text_font_size=&#8221;15px&#8221; global_colors_info=&#8221;{}&#8221;]\t\t\t\t<\/p>\n<h5><strong>Kulkusillat. T\u00e4ydellinen rakennusj\u00e4rjestelm\u00e4<\/strong><\/h5>\n<p><strong>Rampin osat<\/strong><br \/>\n\t\t\t\tRamppij\u00e4rjestelm\u00e4 koostuu kuudesta eri ramppipituudesta. Yksitt\u00e4ist\u00e4 ramppikomponenttia voidaan k\u00e4ytt\u00e4\u00e4 itsen\u00e4isesti ylemm\u00e4n ja alemman liit\u00e4nn\u00e4n avulla tai hitsata toistensa kanssa pidemm\u00e4n osan muodostamiseksi. Yleisesti ottaen voit rakentaa luiskaasi niin kauan kuin haluat. Kukin hitsaus on vahvistettu liitoslevyill\u00e4 ja kiinnikkeill\u00e4. Rampeillamme on sis\u00e4inen leveys 90 cm ja ne ovat saatavilla erillisiss\u00e4 moduuleissa 100 cm: st\u00e4 300 cm: iin.<\/p>\n<p><strong>Laskeutumiset<\/strong><br \/>\n\t\t\t\tMeill\u00e4 on viisi erilaista laskeutumista k\u00e4ytett\u00e4v\u00e4ksi rampin rakenteissa. P-1 &amp; P-3: ta k\u00e4ytet\u00e4\u00e4n 90 asteen k\u00e4\u00e4nn\u00f6ksiss\u00e4 ja P-2: ssa 180 asteen kytkenn\u00e4ss\u00e4. P-4: \u00e4\u00e4 ja P-5: t\u00e4 k\u00e4ytet\u00e4\u00e4n neli\u00f6n purkamiseen tai olemassa olevan laskeutumisen laajentamiseen sis\u00e4\u00e4nk\u00e4ynnin edess\u00e4.<\/p>\n<p><strong>Kaiteet<\/strong><br \/>\n\t\t\t\tKaiteet ovat k\u00e4ytett\u00e4viss\u00e4 kaikille rampeille ja laskeutumisille. Kaiteita ei vaadita, mutta niit\u00e4 suositellaan erityisesti jyrkiss\u00e4 rampeissa. Kaiteet voidaan lis\u00e4t\u00e4 my\u00f6hemmin olemassa oleviin rampirakenteisiin \u2013 sek\u00e4 laskeutumisia ett\u00e4 ramppeja on varustettu j\u00e4lkiasennukseen.<\/p>\n<p><strong>Custom rampit<\/strong><br \/>\n\t\t\t\tStandardiramppien lis\u00e4ksi valmistamme my\u00f6s j\u00e4rjestelmi\u00e4 tilaamaan mihin tahansa ulottuvuuteen, esim. erityist\u00e4 suurempaa laskeutumista suoraan sis\u00e4\u00e4nk\u00e4ynnin ulkopuolella, mik\u00e4 lis\u00e4\u00e4 ohjattavuutta. Laskeutumiset voidaan varustaa my\u00f6s portailla.<\/p>\n<p><strong>Liukumaton<\/strong><br \/>\n\t\t\t\tLaajennettu metalli ja rei\u2019itetyt ja uritetut pinnat rampeissamme ja laskuissamme tarjoavat k\u00e4yt\u00e4nn\u00f6ss\u00e4 liukastumattoman liikkuvuuden ja toimivat esteen\u00e4 ulkoisille olosuhteille, kuten j\u00e4\u00e4lle, lumelle ja lehdille.<\/p>\n<p>[\/et_pb_text][\/et_pb_column][et_pb_column type=&#8221;1_2&#8243; _builder_version=&#8221;4.27.6&#8243; global_colors_info=&#8221;{}&#8221;][et_pb_text _builder_version=&#8221;4.27.6&#8243; text_font=&#8221;Lato||||||||&#8221; text_font_size=&#8221;15px&#8221; text_orientation=&#8221;center&#8221; global_colors_info=&#8221;{}&#8221;]\t\t\t\t<\/p>\n<h5><strong>Helppo asentaa \u2013 kolme ty\u00f6kalua!<\/strong><\/h5>\n<p>[\/et_pb_text][et_pb_video src=&#8221;https:\/\/www.youtube.com\/watch?v=Cl-j-nPiUE0&#8243; _builder_version=&#8221;4.27.6&#8243; global_colors_info=&#8221;{}&#8221;]\t\t\t[\/et_pb_video][\/et_pb_column][\/et_pb_row][et_pb_row _builder_version=&#8221;4.27.6&#8243; global_colors_info=&#8221;{}&#8221;][et_pb_column type=&#8221;4_4&#8243; _builder_version=&#8221;4.27.6&#8243; global_colors_info=&#8221;{}&#8221;][et_pb_button button_url=&#8221;https:\/\/www.lastausramppi.fi\/wpolku\/moduulit-ja-komponentit\/&#8221; button_text=&#8221;MODULIT JA OSAT&#8221; button_alignment=&#8221;center&#8221; _builder_version=&#8221;4.27.6&#8243; global_colors_info=&#8221;{}&#8221;]\t\t\t[\/et_pb_button][\/et_pb_column][\/et_pb_row][\/et_pb_section][et_pb_section fb_built=&#8221;1&#8243; _builder_version=&#8221;4.27.6&#8243; custom_padding=&#8221;60px|0px|60px|0px|false|false&#8221; global_colors_info=&#8221;{}&#8221;][et_pb_row _builder_version=&#8221;4.27.6&#8243; global_colors_info=&#8221;{}&#8221;][et_pb_column type=&#8221;4_4&#8243; _builder_version=&#8221;4.27.6&#8243; global_colors_info=&#8221;{}&#8221;][et_pb_text _builder_version=&#8221;4.27.6&#8243; header_2_font=&#8221;Lato||||700|||&#8221; header_2_text_align=&#8221;center&#8221; header_2_font_size=&#8221;36px&#8221; global_colors_info=&#8221;{}&#8221;]\t\t\t\t<\/p>\n<h2>Hanki laskelmat oikein sovelluksemme avulla<\/h2>\n<p>[\/et_pb_text][\/et_pb_column][\/et_pb_row][et_pb_row column_structure=&#8221;1_2,1_2&#8243; _builder_version=&#8221;4.27.6&#8243; global_colors_info=&#8221;{}&#8221;][et_pb_column type=&#8221;1_2&#8243; _builder_version=&#8221;4.27.6&#8243; global_colors_info=&#8221;{}&#8221;][et_pb_text _builder_version=&#8221;4.27.6&#8243; text_font=&#8221;Lato||||||||&#8221; text_text_color=&#8221;#848484&#8243; text_font_size=&#8221;24px&#8221; global_colors_info=&#8221;{}&#8221;]\t\t\t\t<\/p>\n<p>Mobiilisovelluksestamme on helppo laskea, mit\u00e4 osia tarvitset j\u00e4rjestelm\u00e4n rampille. Sy\u00f6t\u00e4 vain mittaukset ja vaatimukset, ja sovellus laskee tarkalleen, mit\u00e4 tarvitaan ja tuottaa luettelon materiaaleista, mukaan lukien hinnat. Sovellus l\u00e4hett\u00e4\u00e4 sen sitten valitsemallesi s\u00e4hk\u00f6postiosoitteelle. Helppo tai mit\u00e4?<\/p>\n<p>[\/et_pb_text][et_pb_text _builder_version=&#8221;4.27.6&#8243; text_font=&#8221;Lato||||||||&#8221; text_font_size=&#8221;15px&#8221; global_colors_info=&#8221;{}&#8221;]\t\t\t\t<\/p>\n<p>J\u00e4rjestelm\u00e4n ramppi-sovellus on ty\u00f6kalu, jota tarjoamme nykyisille ja uusille asiakkaillemme.<br \/>\n\t\t\t\tHaluatko kokeilla? Ota yhteytt\u00e4 ja l\u00e4het\u00e4mme kirjautumistiedot.<\/p>\n<p>[\/et_pb_text][\/et_pb_column][et_pb_column type=&#8221;1_2&#8243; _builder_version=&#8221;4.27.6&#8243; global_colors_info=&#8221;{}&#8221;][et_pb_image src=&#8221;https:\/\/www.lastausramppi.fi\/wpolku\/wp-content\/uploads\/2019\/02\/phone.png&#8221; align=&#8221;center&#8221; _builder_version=&#8221;4.27.6&#8243; global_colors_info=&#8221;{}&#8221;]\t\t\t[\/et_pb_image][\/et_pb_column][\/et_pb_row][\/et_pb_section][et_pb_section fb_built=&#8221;1&#8243; _builder_version=&#8221;4.27.6&#8243; background_color=&#8221;#f7f7f7&#8243; custom_padding=&#8221;60px|0px|60px|0px|false|false&#8221; global_colors_info=&#8221;{}&#8221;][et_pb_row _builder_version=&#8221;4.27.6&#8243; global_colors_info=&#8221;{}&#8221;][et_pb_column type=&#8221;4_4&#8243; _builder_version=&#8221;4.27.6&#8243; global_colors_info=&#8221;{}&#8221;][et_pb_text _builder_version=&#8221;4.27.6&#8243; header_2_font=&#8221;Lato||||700|||&#8221; header_2_text_align=&#8221;center&#8221; header_2_font_size=&#8221;36px&#8221; global_colors_info=&#8221;{}&#8221;]\t\t\t\t<\/p>\n<h2>Esimerkkej\u00e4 kulkusilloista<\/h2>\n<p>[\/et_pb_text][\/et_pb_column][\/et_pb_row][et_pb_row column_structure=&#8221;1_2,1_2&#8243; _builder_version=&#8221;4.27.6&#8243; global_colors_info=&#8221;{}&#8221;][et_pb_column type=&#8221;1_2&#8243; _builder_version=&#8221;4.27.6&#8243; global_colors_info=&#8221;{}&#8221;][et_pb_image src=&#8221;https:\/\/www.lastausramppi.fi\/wpolku\/wp-content\/uploads\/2019\/02\/22.jpg&#8221; align=&#8221;center&#8221; _builder_version=&#8221;4.27.6&#8243; global_colors_info=&#8221;{}&#8221;]\t\t\t[\/et_pb_image][\/et_pb_column][et_pb_column type=&#8221;1_2&#8243; _builder_version=&#8221;4.27.6&#8243; global_colors_info=&#8221;{}&#8221;][et_pb_image src=&#8221;https:\/\/www.lastausramppi.fi\/wpolku\/wp-content\/uploads\/2019\/02\/23.jpg&#8221; align=&#8221;center&#8221; _builder_version=&#8221;4.27.6&#8243; global_colors_info=&#8221;{}&#8221;]\t\t\t[\/et_pb_image][\/et_pb_column][\/et_pb_row][et_pb_row column_structure=&#8221;1_4,1_4,1_4,1_4&#8243; _builder_version=&#8221;4.27.6&#8243; global_colors_info=&#8221;{}&#8221;][et_pb_column type=&#8221;1_4&#8243; _builder_version=&#8221;4.27.6&#8243; global_colors_info=&#8221;{}&#8221;][et_pb_image src=&#8221;https:\/\/www.lastausramppi.fi\/wpolku\/wp-content\/uploads\/2019\/02\/24.jpg&#8221; align=&#8221;center&#8221; _builder_version=&#8221;4.27.6&#8243; global_colors_info=&#8221;{}&#8221;]\t\t\t[\/et_pb_image][\/et_pb_column][et_pb_column type=&#8221;1_4&#8243; _builder_version=&#8221;4.27.6&#8243; global_colors_info=&#8221;{}&#8221;][et_pb_image src=&#8221;https:\/\/www.lastausramppi.fi\/wpolku\/wp-content\/uploads\/2019\/02\/25.jpg&#8221; align=&#8221;center&#8221; _builder_version=&#8221;4.27.6&#8243; global_colors_info=&#8221;{}&#8221;]\t\t\t[\/et_pb_image][\/et_pb_column][et_pb_column type=&#8221;1_4&#8243; _builder_version=&#8221;4.27.6&#8243; global_colors_info=&#8221;{}&#8221;][et_pb_image src=&#8221;https:\/\/www.lastausramppi.fi\/wpolku\/wp-content\/uploads\/2019\/02\/26.jpg&#8221; align=&#8221;center&#8221; _builder_version=&#8221;4.27.6&#8243; global_colors_info=&#8221;{}&#8221;]\t\t\t[\/et_pb_image][\/et_pb_column][et_pb_column type=&#8221;1_4&#8243; _builder_version=&#8221;4.27.6&#8243; global_colors_info=&#8221;{}&#8221;][et_pb_image src=&#8221;https:\/\/www.lastausramppi.fi\/wpolku\/wp-content\/uploads\/2019\/02\/27.jpg&#8221; align=&#8221;center&#8221; _builder_version=&#8221;4.27.6&#8243; global_colors_info=&#8221;{}&#8221;]\t\t\t[\/et_pb_image][\/et_pb_column][\/et_pb_row][\/et_pb_section][et_pb_section fb_built=&#8221;1&#8243; _builder_version=&#8221;4.27.6&#8243; custom_padding=&#8221;50px|0px|50px|0px|false|false&#8221; global_colors_info=&#8221;{}&#8221;][et_pb_row _builder_version=&#8221;4.27.6&#8243; global_colors_info=&#8221;{}&#8221;][et_pb_column type=&#8221;4_4&#8243; _builder_version=&#8221;4.27.6&#8243; global_colors_info=&#8221;{}&#8221;][et_pb_button button_url=&#8221;https:\/\/www.lastausramppi.fi\/wpolku\/wp-content\/uploads\/2019\/02\/rampguide-sve.pdf&#8221; button_text=&#8221;RAMPIN OHJE&#8221; button_alignment=&#8221;center&#8221; _builder_version=&#8221;4.27.6&#8243; global_colors_info=&#8221;{}&#8221;]\t\t\t[\/et_pb_button][et_pb_text _builder_version=&#8221;4.27.6&#8243; text_font=&#8221;Lato||||||||&#8221; text_font_size=&#8221;15px&#8221; text_orientation=&#8221;center&#8221; global_colors_info=&#8221;{}&#8221;]\t\t\t\t<\/p>\n<h3>Mik\u00e4 ramppi minun pit\u00e4isi valita?<\/h3>\n<p>Lataa opas (PDF) j\u00e4rjestelm\u00e4n rampeille ja kannettaville rampeille<\/p>\n<p>[\/et_pb_text][\/et_pb_column][\/et_pb_row][\/et_pb_section]<\/p>\n","protected":false},"excerpt":{"rendered":"<p>EVERYDAY FREEDOM \u2013 RAMPS TO OVERCOME OBSTACLES WE MAKE THE WORLD MORE ACCESSIBLE KULKUSILLAT Kaikki asunnot ovat erilaisia. Siksi kulkusiltojamme on saatavana eri leveyksill\u00e4- ja pituuksilla. K\u00e4\u00e4nt\u00f6kappaleita 22,5, 45, 90 tai 180 astetta. Moduuleja voidaan yhdist\u00e4\u00e4 loputtomasti. Kulkusillat. T\u00e4ydellinen rakennusj\u00e4rjestelm\u00e4 Rampin osat Ramppij\u00e4rjestelm\u00e4 koostuu kuudesta eri ramppipituudesta. Yksitt\u00e4ist\u00e4 ramppikomponenttia voidaan k\u00e4ytt\u00e4\u00e4 itsen\u00e4isesti ylemm\u00e4n ja alemman [&hellip;]<\/p>\n","protected":false},"author":3,"featured_media":0,"parent":0,"menu_order":0,"comment_status":"closed","ping_status":"closed","template":"","meta":{"_et_pb_use_builder":"on","_et_pb_old_content":"[et_pb_section fb_built=\"1\" _builder_version=\"4.27.6\" background_image=\"https:\/\/www.lastausramppi.fi\/wpolku\/wp-content\/uploads\/2019\/02\/background.jpg\" background_blend=\"overlay\" background_color=\"rgba(153,153,153,0.05)\" custom_padding=\"0px|0px|0px|0px|false|false\"]\r\n\t[et_pb_row _builder_version=\"4.27.6\" width=\"100%\" custom_padding=\"180px|0px|180px|0px|false|false\"]\r\n\t\t[et_pb_column type=\"4_4\" _builder_version=\"4.27.6\"]\r\n\t\t\t[et_pb_text _builder_version=\"4.27.6\" text_font=\"Lato||||||||\" text_font_size=\"24px\" text_text_color=\"#FFFFFF\" text_orientation=\"center\" custom_css_main_element=\"text-shadow: 1px 1px 0 #000;\"]\r\n\t\t\t\t<p>EVERYDAY FREEDOM \u2013 RAMPS TO OVERCOME OBSTACLES<\/p>\r\n\t\t\t[\/et_pb_text]\r\n\t\t\t[et_pb_text _builder_version=\"4.27.6\" header_1_font=\"Lato||||700|||\" header_1_font_size=\"60px\" header_1_text_align=\"center\" header_1_text_color=\"#FFFFFF\" custom_css_main_element=\"text-shadow: 1px 1px 0 #000;\"]\r\n\t\t\t\t<h1>WE MAKE THE WORLD MORE ACCESSIBLE<\/h1>\r\n\t\t\t[\/et_pb_text]\r\n\t\t[\/et_pb_column]\r\n\t[\/et_pb_row]\r\n[\/et_pb_section]\r\n\r\n[et_pb_section fb_built=\"1\" _builder_version=\"4.27.6\" background_color=\"#f7f7f7\" custom_padding=\"60px|0px|60px|0px|false|false\"]\r\n\t[et_pb_row _builder_version=\"4.27.6\" width=\"80%\"]\r\n\t\t[et_pb_column type=\"4_4\" _builder_version=\"4.27.6\"]\r\n\t\t\t[et_pb_text _builder_version=\"4.27.6\" header_2_font=\"Lato||||700|||\" header_2_font_size=\"36px\" header_2_text_align=\"center\"]\r\n\t\t\t\t<h2>KULKUSILLAT<\/h2>\r\n\t\t\t[\/et_pb_text]\r\n\t\t\t[et_pb_divider _builder_version=\"4.27.6\" divider_weight=\"2px\" divider_width=\"30px\" divider_color=\"#1a1a1a\"]\r\n\t\t\t[\/et_pb_divider]\r\n\t\t\t[et_pb_text _builder_version=\"4.27.6\" text_font=\"Lato||||||||\" text_font_size=\"24px\" text_text_color=\"#848484\" text_orientation=\"center\"]\r\n\t\t\t\t<p>Kaikki asunnot ovat erilaisia. Siksi kulkusiltojamme on saatavana eri leveyksill\u00e4- ja pituuksilla. K\u00e4\u00e4nt\u00f6kappaleita 22,5, 45, 90 tai 180 astetta. Moduuleja voidaan yhdist\u00e4\u00e4 loputtomasti.<\/p>\r\n\t\t\t[\/et_pb_text]\r\n\t\t\t[et_pb_image src=\"https:\/\/www.lastausramppi.fi\/wpolku\/wp-content\/uploads\/2019\/02\/21-1024x564.jpg\" alt=\"\" title_text=\"\" show_in_lightbox=\"off\" align=\"center\" _builder_version=\"4.27.6\"]\r\n\t\t\t[\/et_pb_image]\r\n\t\t[\/et_pb_column]\r\n\t[\/et_pb_row]\r\n\r\n\t[et_pb_row _builder_version=\"4.27.6\" width=\"80%\" custom_padding=\"20px|0px|0px|0px|false|false\"]\r\n\t\t[et_pb_column type=\"1_2\" _builder_version=\"4.27.6\"]\r\n\t\t\t[et_pb_text _builder_version=\"4.27.6\" text_font=\"Lato||||||||\" text_font_size=\"15px\"]\r\n\t\t\t\t<h5><strong>Kulkusillat. T\u00e4ydellinen rakennusj\u00e4rjestelm\u00e4<\/strong><\/h5>\r\n\t\t\t\t<p><strong>Rampin osat<\/strong><br>\r\n\t\t\t\tRamppij\u00e4rjestelm\u00e4 koostuu kuudesta eri ramppipituudesta. Yksitt\u00e4ist\u00e4 ramppikomponenttia voidaan k\u00e4ytt\u00e4\u00e4 itsen\u00e4isesti ylemm\u00e4n ja alemman liit\u00e4nn\u00e4n avulla tai hitsata toistensa kanssa pidemm\u00e4n osan muodostamiseksi. Yleisesti ottaen voit rakentaa luiskaasi niin kauan kuin haluat. Kukin hitsaus on vahvistettu liitoslevyill\u00e4 ja kiinnikkeill\u00e4. Rampeillamme on sis\u00e4inen leveys 90 cm ja ne ovat saatavilla erillisiss\u00e4 moduuleissa 100 cm: st\u00e4 300 cm: iin.<\/p>\r\n\t\t\t\t<p><strong>Laskeutumiset<\/strong><br>\r\n\t\t\t\tMeill\u00e4 on viisi erilaista laskeutumista k\u00e4ytett\u00e4v\u00e4ksi rampin rakenteissa. P-1 & P-3: ta k\u00e4ytet\u00e4\u00e4n 90 asteen k\u00e4\u00e4nn\u00f6ksiss\u00e4 ja P-2: ssa 180 asteen kytkenn\u00e4ss\u00e4. P-4: \u00e4\u00e4 ja P-5: t\u00e4 k\u00e4ytet\u00e4\u00e4n neli\u00f6n purkamiseen tai olemassa olevan laskeutumisen laajentamiseen sis\u00e4\u00e4nk\u00e4ynnin edess\u00e4.<\/p>\r\n\t\t\t\t<p><strong>Kaiteet<\/strong><br>\r\n\t\t\t\tKaiteet ovat k\u00e4ytett\u00e4viss\u00e4 kaikille rampeille ja laskeutumisille. Kaiteita ei vaadita, mutta niit\u00e4 suositellaan erityisesti jyrkiss\u00e4 rampeissa. Kaiteet voidaan lis\u00e4t\u00e4 my\u00f6hemmin olemassa oleviin rampirakenteisiin \u2013 sek\u00e4 laskeutumisia ett\u00e4 ramppeja on varustettu j\u00e4lkiasennukseen.<\/p>\r\n\t\t\t\t<p><strong>Custom rampit<\/strong><br>\r\n\t\t\t\tStandardiramppien lis\u00e4ksi valmistamme my\u00f6s j\u00e4rjestelmi\u00e4 tilaamaan mihin tahansa ulottuvuuteen, esim. erityist\u00e4 suurempaa laskeutumista suoraan sis\u00e4\u00e4nk\u00e4ynnin ulkopuolella, mik\u00e4 lis\u00e4\u00e4 ohjattavuutta. Laskeutumiset voidaan varustaa my\u00f6s portailla.<\/p>\r\n\t\t\t\t<p><strong>Liukumaton<\/strong><br>\r\n\t\t\t\tLaajennettu metalli ja rei\u2019itetyt ja uritetut pinnat rampeissamme ja laskuissamme tarjoavat k\u00e4yt\u00e4nn\u00f6ss\u00e4 liukastumattoman liikkuvuuden ja toimivat esteen\u00e4 ulkoisille olosuhteille, kuten j\u00e4\u00e4lle, lumelle ja lehdille.<\/p>\r\n\t\t\t[\/et_pb_text]\r\n\t\t[\/et_pb_column]\r\n\r\n\t\t[et_pb_column type=\"1_2\" _builder_version=\"4.27.6\"]\r\n\t\t\t[et_pb_text _builder_version=\"4.27.6\" text_font=\"Lato||||||||\" text_font_size=\"15px\" text_orientation=\"center\"]\r\n\t\t\t\t<h5><strong>Helppo asentaa \u2013 kolme ty\u00f6kalua!<\/strong><\/h5>\r\n\t\t\t[\/et_pb_text]\r\n\t\t\t[et_pb_video src=\"https:\/\/www.youtube.com\/watch?v=Cl-j-nPiUE0\" _builder_version=\"4.27.6\"]\r\n\t\t\t[\/et_pb_video]\r\n\t\t[\/et_pb_column]\r\n\t[\/et_pb_row]\r\n\r\n\t[et_pb_row _builder_version=\"4.27.6\" width=\"80%\"]\r\n\t\t[et_pb_column type=\"4_4\" _builder_version=\"4.27.6\"]\r\n\t\t\t[et_pb_button button_url=\"https:\/\/www.lastausramppi.fi\/wpolku\/moduulit-ja-komponentit\/\" button_text=\"MODULIT JA OSAT\" button_alignment=\"center\" button_bg_color=\"#3A87CE\" button_text_color=\"#FFFFFF\" _builder_version=\"4.27.6\"]\r\n\t\t\t[\/et_pb_button]\r\n\t\t[\/et_pb_column]\r\n\t[\/et_pb_row]\r\n[\/et_pb_section]\r\n\r\n[et_pb_section fb_built=\"1\" _builder_version=\"4.27.6\" custom_padding=\"60px|0px|60px|0px|false|false\"]\r\n\t[et_pb_row _builder_version=\"4.27.6\" width=\"80%\"]\r\n\t\t[et_pb_column type=\"4_4\" _builder_version=\"4.27.6\"]\r\n\t\t\t[et_pb_text _builder_version=\"4.27.6\" header_2_font=\"Lato||||700|||\" header_2_font_size=\"36px\" header_2_text_align=\"center\"]\r\n\t\t\t\t<h2>Hanki laskelmat oikein sovelluksemme avulla<\/h2>\r\n\t\t\t[\/et_pb_text]\r\n\t\t[\/et_pb_column]\r\n\t[\/et_pb_row]\r\n\r\n\t[et_pb_row _builder_version=\"4.27.6\" width=\"80%\"]\r\n\t\t[et_pb_column type=\"1_2\" _builder_version=\"4.27.6\"]\r\n\t\t\t[et_pb_text _builder_version=\"4.27.6\" text_font=\"Lato||||||||\" text_font_size=\"24px\" text_text_color=\"#848484\"]\r\n\t\t\t\t<p>Mobiilisovelluksestamme on helppo laskea, mit\u00e4 osia tarvitset j\u00e4rjestelm\u00e4n rampille. Sy\u00f6t\u00e4 vain mittaukset ja vaatimukset, ja sovellus laskee tarkalleen, mit\u00e4 tarvitaan ja tuottaa luettelon materiaaleista, mukaan lukien hinnat. Sovellus l\u00e4hett\u00e4\u00e4 sen sitten valitsemallesi s\u00e4hk\u00f6postiosoitteelle. Helppo tai mit\u00e4?<\/p>\r\n\t\t\t[\/et_pb_text]\r\n\t\t\t[et_pb_text _builder_version=\"4.27.6\" text_font=\"Lato||||||||\" text_font_size=\"15px\"]\r\n\t\t\t\t<p>J\u00e4rjestelm\u00e4n ramppi-sovellus on ty\u00f6kalu, jota tarjoamme nykyisille ja uusille asiakkaillemme.<br>\r\n\t\t\t\tHaluatko kokeilla? Ota yhteytt\u00e4 ja l\u00e4het\u00e4mme kirjautumistiedot.<\/p>\r\n\t\t\t[\/et_pb_text]\r\n\t\t[\/et_pb_column]\r\n\r\n\t\t[et_pb_column type=\"1_2\" _builder_version=\"4.27.6\"]\r\n\t\t\t[et_pb_image src=\"https:\/\/www.lastausramppi.fi\/wpolku\/wp-content\/uploads\/2019\/02\/phone.png\" alt=\"\" title_text=\"\" show_in_lightbox=\"off\" align=\"center\" _builder_version=\"4.27.6\"]\r\n\t\t\t[\/et_pb_image]\r\n\t\t[\/et_pb_column]\r\n\t[\/et_pb_row]\r\n[\/et_pb_section]\r\n\r\n[et_pb_section fb_built=\"1\" _builder_version=\"4.27.6\" background_color=\"#f7f7f7\" custom_padding=\"60px|0px|60px|0px|false|false\"]\r\n\t[et_pb_row _builder_version=\"4.27.6\" width=\"80%\"]\r\n\t\t[et_pb_column type=\"4_4\" _builder_version=\"4.27.6\"]\r\n\t\t\t[et_pb_text _builder_version=\"4.27.6\" header_2_font=\"Lato||||700|||\" header_2_font_size=\"36px\" header_2_text_align=\"center\"]\r\n\t\t\t\t<h2>Esimerkkej\u00e4 kulkusilloista<\/h2>\r\n\t\t\t[\/et_pb_text]\r\n\t\t[\/et_pb_column]\r\n\t[\/et_pb_row]\r\n\r\n\t[et_pb_row _builder_version=\"4.27.6\" width=\"80%\" gutter_width=\"2\"]\r\n\t\t[et_pb_column type=\"1_2\" _builder_version=\"4.27.6\"]\r\n\t\t\t[et_pb_image src=\"https:\/\/www.lastausramppi.fi\/wpolku\/wp-content\/uploads\/2019\/02\/22.jpg\" show_in_lightbox=\"off\" align=\"center\" _builder_version=\"4.27.6\"]\r\n\t\t\t[\/et_pb_image]\r\n\t\t[\/et_pb_column]\r\n\t\t[et_pb_column type=\"1_2\" _builder_version=\"4.27.6\"]\r\n\t\t\t[et_pb_image src=\"https:\/\/www.lastausramppi.fi\/wpolku\/wp-content\/uploads\/2019\/02\/23.jpg\" show_in_lightbox=\"off\" align=\"center\" _builder_version=\"4.27.6\"]\r\n\t\t\t[\/et_pb_image]\r\n\t\t[\/et_pb_column]\r\n\t[\/et_pb_row]\r\n\r\n\t[et_pb_row _builder_version=\"4.27.6\" width=\"80%\" gutter_width=\"2\"]\r\n\t\t[et_pb_column type=\"1_4\" _builder_version=\"4.27.6\"]\r\n\t\t\t[et_pb_image src=\"https:\/\/www.lastausramppi.fi\/wpolku\/wp-content\/uploads\/2019\/02\/24.jpg\" show_in_lightbox=\"off\" align=\"center\" _builder_version=\"4.27.6\"]\r\n\t\t\t[\/et_pb_image]\r\n\t\t[\/et_pb_column]\r\n\t\t[et_pb_column type=\"1_4\" _builder_version=\"4.27.6\"]\r\n\t\t\t[et_pb_image src=\"https:\/\/www.lastausramppi.fi\/wpolku\/wp-content\/uploads\/2019\/02\/25.jpg\" show_in_lightbox=\"off\" align=\"center\" _builder_version=\"4.27.6\"]\r\n\t\t\t[\/et_pb_image]\r\n\t\t[\/et_pb_column]\r\n\t\t[et_pb_column type=\"1_4\" _builder_version=\"4.27.6\"]\r\n\t\t\t[et_pb_image src=\"https:\/\/www.lastausramppi.fi\/wpolku\/wp-content\/uploads\/2019\/02\/26.jpg\" show_in_lightbox=\"off\" align=\"center\" _builder_version=\"4.27.6\"]\r\n\t\t\t[\/et_pb_image]\r\n\t\t[\/et_pb_column]\r\n\t\t[et_pb_column type=\"1_4\" _builder_version=\"4.27.6\"]\r\n\t\t\t[et_pb_image src=\"https:\/\/www.lastausramppi.fi\/wpolku\/wp-content\/uploads\/2019\/02\/27.jpg\" show_in_lightbox=\"off\" align=\"center\" _builder_version=\"4.27.6\"]\r\n\t\t\t[\/et_pb_image]\r\n\t\t[\/et_pb_column]\r\n\t[\/et_pb_row]\r\n[\/et_pb_section]\r\n\r\n[et_pb_section fb_built=\"1\" _builder_version=\"4.27.6\" custom_padding=\"50px|0px|50px|0px|false|false\"]\r\n\t[et_pb_row _builder_version=\"4.27.6\" width=\"80%\"]\r\n\t\t[et_pb_column type=\"4_4\" _builder_version=\"4.27.6\"]\r\n\t\t\t[et_pb_button button_url=\"https:\/\/www.lastausramppi.fi\/wpolku\/wp-content\/uploads\/2019\/02\/rampguide-sve.pdf\" button_text=\"RAMPIN OHJE\" button_alignment=\"center\" button_bg_color=\"#3A87CE\" button_text_color=\"#FFFFFF\" _builder_version=\"4.27.6\"]\r\n\t\t\t[\/et_pb_button]\r\n\r\n\t\t\t[et_pb_text _builder_version=\"4.27.6\" text_font=\"Lato||||||||\" text_font_size=\"15px\" text_orientation=\"center\"]\r\n\t\t\t\t<h3>Mik\u00e4 ramppi minun pit\u00e4isi valita?<\/h3>\r\n\t\t\t\t<p>Lataa opas (PDF) j\u00e4rjestelm\u00e4n rampeille ja kannettaville rampeille<\/p>\r\n\t\t\t[\/et_pb_text]\r\n\t\t[\/et_pb_column]\r\n\t[\/et_pb_row]\r\n[\/et_pb_section]","_et_gb_content_width":"","footnotes":""},"class_list":["post-614","page","type-page","status-publish","hentry"],"_links":{"self":[{"href":"https:\/\/www.lastausramppi.fi\/wpolku\/wp-json\/wp\/v2\/pages\/614","targetHints":{"allow":["GET"]}}],"collection":[{"href":"https:\/\/www.lastausramppi.fi\/wpolku\/wp-json\/wp\/v2\/pages"}],"about":[{"href":"https:\/\/www.lastausramppi.fi\/wpolku\/wp-json\/wp\/v2\/types\/page"}],"author":[{"embeddable":true,"href":"https:\/\/www.lastausramppi.fi\/wpolku\/wp-json\/wp\/v2\/users\/3"}],"replies":[{"embeddable":true,"href":"https:\/\/www.lastausramppi.fi\/wpolku\/wp-json\/wp\/v2\/comments?post=614"}],"version-history":[{"count":21,"href":"https:\/\/www.lastausramppi.fi\/wpolku\/wp-json\/wp\/v2\/pages\/614\/revisions"}],"predecessor-version":[{"id":1332,"href":"https:\/\/www.lastausramppi.fi\/wpolku\/wp-json\/wp\/v2\/pages\/614\/revisions\/1332"}],"wp:attachment":[{"href":"https:\/\/www.lastausramppi.fi\/wpolku\/wp-json\/wp\/v2\/media?parent=614"}],"curies":[{"name":"wp","href":"https:\/\/api.w.org\/{rel}","templated":true}]}}