{"id":623,"date":"2019-03-19T14:45:41","date_gmt":"2019-03-19T13:45:41","guid":{"rendered":"http:\/\/lastausramppi.fi\/?page_id=623"},"modified":"2026-04-06T06:41:51","modified_gmt":"2026-04-06T03:41:51","slug":"yksiosaiset-rampit","status":"publish","type":"page","link":"https:\/\/www.lastausramppi.fi\/wpolku\/yksiosaiset-rampit\/","title":{"rendered":"1-osaiset rampit"},"content":{"rendered":"<p>[et_pb_section fb_built=&#8221;1&#8243; admin_label=&#8221;1-osaiset rampit&#8221; _builder_version=&#8221;4.27.6&#8243; hover_enabled=&#8221;0&#8243; global_colors_info=&#8221;{}&#8221; background_enable_color=&#8221;off&#8221; sticky_enabled=&#8221;0&#8243;][et_pb_row _builder_version=&#8221;4.16&#8243; background_size=&#8221;initial&#8221; background_position=&#8221;top_left&#8221; background_repeat=&#8221;repeat&#8221; global_colors_info=&#8221;{}&#8221;][et_pb_column type=&#8221;4_4&#8243; _builder_version=&#8221;4.16&#8243; custom_padding=&#8221;|||&#8221; global_colors_info=&#8221;{}&#8221; custom_padding__hover=&#8221;|||&#8221;][et_pb_text admin_label=&#8221;Heading&#8221; _builder_version=&#8221;4.16&#8243; background_size=&#8221;initial&#8221; background_position=&#8221;top_left&#8221; background_repeat=&#8221;repeat&#8221; text_orientation=&#8221;center&#8221; module_alignment=&#8221;center&#8221; global_colors_info=&#8221;{}&#8221;]\t\t\t\t<\/p>\n<h2 style=\"font-size:32px; font-weight:700;\">1-OSAISET RAMPIT<\/h2>\n<div style=\"width:30px; height:2px; background:#333; margin:20px auto;\"><\/div>\n<div class=\"text3\">\n<p>Kiinte\u00e4t rampit ovat saatavilla eri kokoluokissa kaikkien tarpeiden mukaan.<\/p>\n<\/p><\/div>\n<p>[\/et_pb_text][et_pb_image src=&#8221;https:\/\/www.lastausramppi.fi\/wpolku\/wp-content\/uploads\/2019\/02\/ramp21.png&#8221; align=&#8221;center&#8221; align_tablet=&#8221;center&#8221; align_phone=&#8221;center&#8221; align_last_edited=&#8221;on|desktop&#8221; admin_label=&#8221;Main Image&#8221; _builder_version=&#8221;4.16&#8243; animation_style=&#8221;slide&#8221; animation_direction=&#8221;left&#8221; animation_duration=&#8221;500ms&#8221; animation_intensity_slide=&#8221;10%&#8221; global_colors_info=&#8221;{}&#8221;][\/et_pb_image][\/et_pb_column][\/et_pb_row][et_pb_row column_structure=&#8221;1_3,1_3,1_3&#8243; _builder_version=&#8221;4.16&#8243; background_size=&#8221;initial&#8221; background_position=&#8221;top_left&#8221; background_repeat=&#8221;repeat&#8221; global_colors_info=&#8221;{}&#8221;][et_pb_column type=&#8221;1_3&#8243; _builder_version=&#8221;4.16&#8243; custom_padding=&#8221;|||&#8221; global_colors_info=&#8221;{}&#8221; custom_padding__hover=&#8221;|||&#8221;][et_pb_text admin_label=&#8221;Feature 1 Title&#8221; _builder_version=&#8221;4.16&#8243; background_size=&#8221;initial&#8221; background_position=&#8221;top_left&#8221; background_repeat=&#8221;repeat&#8221; text_orientation=&#8221;center&#8221; module_alignment=&#8221;center&#8221; global_colors_info=&#8221;{}&#8221;]\t\t\t\t<\/p>\n<h5><strong>Pit\u00e4v\u00e4 pinta<\/strong><\/h5>\n<p>[\/et_pb_text][et_pb_image src=&#8221;https:\/\/www.lastausramppi.fi\/wpolku\/wp-content\/uploads\/2019\/02\/ramp22.jpg&#8221; align=&#8221;center&#8221; align_tablet=&#8221;center&#8221; align_phone=&#8221;center&#8221; align_last_edited=&#8221;on|desktop&#8221; admin_label=&#8221;Feature Image 1&#8243; _builder_version=&#8221;4.16&#8243; animation_style=&#8221;slide&#8221; animation_direction=&#8221;left&#8221; animation_duration=&#8221;500ms&#8221; animation_intensity_slide=&#8221;10%&#8221; global_colors_info=&#8221;{}&#8221;][\/et_pb_image][et_pb_text admin_label=&#8221;Feature 1 Text&#8221; _builder_version=&#8221;4.16&#8243; background_size=&#8221;initial&#8221; background_position=&#8221;top_left&#8221; background_repeat=&#8221;repeat&#8221; global_colors_info=&#8221;{}&#8221;]\t\t\t\t<\/p>\n<div class=\"text2\">\n<p>Kannettavien ramppien pinta on valmistettu luomaan hyv\u00e4 pito yl\u00f6s- ja alasp\u00e4in kuljettaessa.<\/p>\n<\/p><\/div>\n<p>[\/et_pb_text][\/et_pb_column][et_pb_column type=&#8221;1_3&#8243; _builder_version=&#8221;4.16&#8243; custom_padding=&#8221;|||&#8221; global_colors_info=&#8221;{}&#8221; custom_padding__hover=&#8221;|||&#8221;][et_pb_text admin_label=&#8221;Feature 2 Title&#8221; _builder_version=&#8221;4.16&#8243; background_size=&#8221;initial&#8221; background_position=&#8221;top_left&#8221; background_repeat=&#8221;repeat&#8221; text_orientation=&#8221;center&#8221; module_alignment=&#8221;center&#8221; global_colors_info=&#8221;{}&#8221;]\t\t\t\t<\/p>\n<h5><strong>Helppo kantaa<\/strong><\/h5>\n<p>[\/et_pb_text][et_pb_image src=&#8221;https:\/\/www.lastausramppi.fi\/wpolku\/wp-content\/uploads\/2019\/02\/ramp23.jpg&#8221; align=&#8221;center&#8221; align_tablet=&#8221;center&#8221; align_phone=&#8221;center&#8221; align_last_edited=&#8221;on|desktop&#8221; admin_label=&#8221;Feature Image 2&#8243; _builder_version=&#8221;4.16&#8243; animation_style=&#8221;slide&#8221; animation_direction=&#8221;left&#8221; animation_duration=&#8221;500ms&#8221; animation_intensity_slide=&#8221;10%&#8221; global_colors_info=&#8221;{}&#8221;][\/et_pb_image][et_pb_text admin_label=&#8221;Feature 2 Text&#8221; _builder_version=&#8221;4.16&#8243; background_size=&#8221;initial&#8221; background_position=&#8221;top_left&#8221; background_repeat=&#8221;repeat&#8221; global_colors_info=&#8221;{}&#8221;]\t\t\t\t<\/p>\n<div class=\"text2\">\n<p>K\u00e4tev\u00e4t kahvat tekev\u00e4t rampista helpon kuljettaa. Kahvat vie mahdollisimman v\u00e4h\u00e4n tilaa, koska ne voidaan taittaa sivuprofiilia vasten. Kahvat voidaan my\u00f6s helposti purkaa tai siirt\u00e4\u00e4 vastakkaiselle puolelle<\/p>\n<\/p><\/div>\n<p>[\/et_pb_text][\/et_pb_column][et_pb_column type=&#8221;1_3&#8243; _builder_version=&#8221;4.16&#8243; custom_padding=&#8221;|||&#8221; global_colors_info=&#8221;{}&#8221; custom_padding__hover=&#8221;|||&#8221;][et_pb_text admin_label=&#8221;Feature 3 Title&#8221; _builder_version=&#8221;4.16&#8243; background_size=&#8221;initial&#8221; background_position=&#8221;top_left&#8221; background_repeat=&#8221;repeat&#8221; text_orientation=&#8221;center&#8221; module_alignment=&#8221;center&#8221; global_colors_info=&#8221;{}&#8221;]\t\t\t\t<\/p>\n<h5><strong>Keveys<\/strong><\/h5>\n<p>[\/et_pb_text][et_pb_image src=&#8221;https:\/\/www.lastausramppi.fi\/wpolku\/wp-content\/uploads\/2019\/02\/ramp24.jpg&#8221; align=&#8221;center&#8221; align_tablet=&#8221;center&#8221; align_phone=&#8221;center&#8221; align_last_edited=&#8221;on|desktop&#8221; admin_label=&#8221;Feature Image 3&#8243; _builder_version=&#8221;4.16&#8243; animation_style=&#8221;slide&#8221; animation_direction=&#8221;left&#8221; animation_duration=&#8221;500ms&#8221; animation_intensity_slide=&#8221;10%&#8221; global_colors_info=&#8221;{}&#8221;][\/et_pb_image][et_pb_text admin_label=&#8221;Feature 3 Text&#8221; _builder_version=&#8221;4.16&#8243; background_size=&#8221;initial&#8221; background_position=&#8221;top_left&#8221; background_repeat=&#8221;repeat&#8221; global_colors_info=&#8221;{}&#8221;]\t\t\t\t<\/p>\n<div class=\"text2\">\n<p>Uusien profiilien ja rei\u2019itetyn pinnan ansiosta olemme pystyneet v\u00e4hent\u00e4m\u00e4\u00e4n painoa noin 10% edellisiin rampeihimme verrattuna.<\/p>\n<\/p><\/div>\n<p>[\/et_pb_text][\/et_pb_column][\/et_pb_row][\/et_pb_section][et_pb_section fb_built=&#8221;1&#8243; admin_label=&#8221;1-osaiset rampit \u2013 Tuotevalikoima&#8221; _builder_version=&#8221;4.16&#8243; global_colors_info=&#8221;{}&#8221;][et_pb_row _builder_version=&#8221;4.16&#8243; background_size=&#8221;initial&#8221; background_position=&#8221;top_left&#8221; background_repeat=&#8221;repeat&#8221; global_colors_info=&#8221;{}&#8221;][et_pb_column type=&#8221;4_4&#8243; _builder_version=&#8221;4.16&#8243; custom_padding=&#8221;|||&#8221; global_colors_info=&#8221;{}&#8221; custom_padding__hover=&#8221;|||&#8221;][et_pb_text admin_label=&#8221;Product Heading&#8221; _builder_version=&#8221;4.16&#8243; background_size=&#8221;initial&#8221; background_position=&#8221;top_left&#8221; background_repeat=&#8221;repeat&#8221; text_orientation=&#8221;center&#8221; module_alignment=&#8221;center&#8221; global_colors_info=&#8221;{}&#8221;]\t\t\t\t<\/p>\n<h2 style=\"font-size:32px; font-weight:700;\">1-osaiset rampit &#8211; Tuotevalikoima<\/h2>\n<p>[\/et_pb_text][\/et_pb_column][\/et_pb_row][et_pb_row column_structure=&#8221;1_3,1_3,1_3&#8243; _builder_version=&#8221;4.16&#8243; background_size=&#8221;initial&#8221; background_position=&#8221;top_left&#8221; background_repeat=&#8221;repeat&#8221; global_colors_info=&#8221;{}&#8221;][et_pb_column type=&#8221;1_3&#8243; _builder_version=&#8221;4.16&#8243; custom_padding=&#8221;|||&#8221; global_colors_info=&#8221;{}&#8221; custom_padding__hover=&#8221;|||&#8221;][et_pb_text admin_label=&#8221;Product X050&#8243; _builder_version=&#8221;4.16&#8243; background_size=&#8221;initial&#8221; background_position=&#8221;top_left&#8221; background_repeat=&#8221;repeat&#8221; global_colors_info=&#8221;{}&#8221;]\t\t\t\t<\/p>\n<div class=\"text2\">\n<h5><strong>X050<\/strong><\/h5>\n<p>\n\t\t\t\t\t\tPituus (cm \/ in): 55\/22<br \/>\n\t\t\t\t\t\tPaino (kg \/ lb): 1,5 \/ 3,3<br \/>\n\t\t\t\t\t\tMax. kuormitus (kg \/ lb): 200\/440<br \/>\n\t\t\t\t\t\tSis\u00e4leveys (cm \/ in): 21\/8<br \/>\n\t\t\t\t\t\tSuositeltu max. korkeus (cm \/ in): 10\/4\n\t\t\t\t\t<\/p>\n<\/p><\/div>\n<p>[\/et_pb_text][\/et_pb_column][et_pb_column type=&#8221;1_3&#8243; _builder_version=&#8221;4.16&#8243; custom_padding=&#8221;|||&#8221; global_colors_info=&#8221;{}&#8221; custom_padding__hover=&#8221;|||&#8221;][et_pb_text admin_label=&#8221;Product X100&#8243; _builder_version=&#8221;4.16&#8243; background_size=&#8221;initial&#8221; background_position=&#8221;top_left&#8221; background_repeat=&#8221;repeat&#8221; global_colors_info=&#8221;{}&#8221;]\t\t\t\t<\/p>\n<div class=\"text2\">\n<h5><strong>X100<\/strong><\/h5>\n<p>\n\t\t\t\t\t\tPituus (cm \/ in): 116\/46<br \/>\n\t\t\t\t\t\tPaino (kg \/ lb): 3,1 \/ 6,8<br \/>\n\t\t\t\t\t\tMax. kuormitus (kg \/ lb): 200\/440<br \/>\n\t\t\t\t\t\tSis\u00e4leveys (cm \/ in): 21\/8<br \/>\n\t\t\t\t\t\tSuositeltu max. korkeus (cm \/ in): 20\/8\n\t\t\t\t\t<\/p>\n<\/p><\/div>\n<p>[\/et_pb_text][\/et_pb_column][et_pb_column type=&#8221;1_3&#8243; _builder_version=&#8221;4.16&#8243; custom_padding=&#8221;|||&#8221; global_colors_info=&#8221;{}&#8221; custom_padding__hover=&#8221;|||&#8221;][et_pb_text admin_label=&#8221;Product XW100&#8243; _builder_version=&#8221;4.16&#8243; background_size=&#8221;initial&#8221; background_position=&#8221;top_left&#8221; background_repeat=&#8221;repeat&#8221; global_colors_info=&#8221;{}&#8221;]\t\t\t\t<\/p>\n<div class=\"text2\">\n<h5><strong>XW100<\/strong><\/h5>\n<p>\n\t\t\t\t\t\tPituus (cm \/ in): 106\/42<br \/>\n\t\t\t\t\t\tPaino (kg \/ lb): 3,5 \/ 7,7<br \/>\n\t\t\t\t\t\tMax. kuormitus (kg \/ lb): 200\/440<br \/>\n\t\t\t\t\t\tSis\u00e4leveys (cm \/ in): 27\/11<br \/>\n\t\t\t\t\t\tSuositeltu max. korkeus (cm \/ in): 20\/8\n\t\t\t\t\t<\/p>\n<\/p><\/div>\n<p>[\/et_pb_text][\/et_pb_column][\/et_pb_row][\/et_pb_section]<\/p>\n","protected":false},"excerpt":{"rendered":"<p>1-OSAISET RAMPIT Kiinte\u00e4t rampit ovat saatavilla eri kokoluokissa kaikkien tarpeiden mukaan. Pit\u00e4v\u00e4 pinta Kannettavien ramppien pinta on valmistettu luomaan hyv\u00e4 pito yl\u00f6s- ja alasp\u00e4in kuljettaessa. Helppo kantaa K\u00e4tev\u00e4t kahvat tekev\u00e4t rampista helpon kuljettaa. Kahvat vie mahdollisimman v\u00e4h\u00e4n tilaa, koska ne voidaan taittaa sivuprofiilia vasten. Kahvat voidaan my\u00f6s helposti purkaa tai siirt\u00e4\u00e4 vastakkaiselle puolelle Keveys Uusien [&hellip;]<\/p>\n","protected":false},"author":3,"featured_media":0,"parent":0,"menu_order":0,"comment_status":"closed","ping_status":"closed","template":"","meta":{"_et_pb_use_builder":"on","_et_pb_old_content":"[et_pb_section fb_built=\"1\" admin_label=\"1-osaiset rampit\" background_color=\"#f7f7f7\"]\r\n\t[et_pb_row]\r\n\t\t[et_pb_column type=\"4_4\"]\r\n\t\t\t[et_pb_text admin_label=\"Heading\" text_orientation=\"center\"]\r\n\t\t\t\t<h2 style=\"font-size:32px; font-weight:700;\">1-OSAISET RAMPIT<\/h2>\r\n\t\t\t\t<div style=\"width:30px; height:2px; background:#333; margin:20px auto;\"><\/div>\r\n\t\t\t\t<div class=\"text3\">\r\n\t\t\t\t\t<p>Kiinte\u00e4t rampit ovat saatavilla eri kokoluokissa kaikkien tarpeiden mukaan.<\/p>\r\n\t\t\t\t<\/div>\r\n\t\t\t[\/et_pb_text]\r\n\r\n\t\t\t[et_pb_image src=\"https:\/\/www.lastausramppi.fi\/wpolku\/wp-content\/uploads\/2019\/02\/ramp21.png\" align=\"center\" admin_label=\"Main Image\"][\/et_pb_image]\r\n\t\t[\/et_pb_column]\r\n\t[\/et_pb_row]\r\n\r\n\t[et_pb_row]\r\n\t\t[et_pb_column type=\"1_3\"]\r\n\t\t\t[et_pb_text admin_label=\"Feature 1 Title\" text_orientation=\"center\"]\r\n\t\t\t\t<h5><strong>Pit\u00e4v\u00e4 pinta<\/strong><\/h5>\r\n\t\t\t[\/et_pb_text]\r\n\t\t\t[et_pb_image src=\"https:\/\/www.lastausramppi.fi\/wpolku\/wp-content\/uploads\/2019\/02\/ramp22.jpg\" align=\"center\" admin_label=\"Feature Image 1\"][\/et_pb_image]\r\n\t\t\t[et_pb_text admin_label=\"Feature 1 Text\"]\r\n\t\t\t\t<div class=\"text2\">\r\n\t\t\t\t\t<p>Kannettavien ramppien pinta on valmistettu luomaan hyv\u00e4 pito yl\u00f6s- ja alasp\u00e4in kuljettaessa.<\/p>\r\n\t\t\t\t<\/div>\r\n\t\t\t[\/et_pb_text]\r\n\t\t[\/et_pb_column]\r\n\r\n\t\t[et_pb_column type=\"1_3\"]\r\n\t\t\t[et_pb_text admin_label=\"Feature 2 Title\" text_orientation=\"center\"]\r\n\t\t\t\t<h5><strong>Helppo kantaa<\/strong><\/h5>\r\n\t\t\t[\/et_pb_text]\r\n\t\t\t[et_pb_image src=\"https:\/\/www.lastausramppi.fi\/wpolku\/wp-content\/uploads\/2019\/02\/ramp23.jpg\" align=\"center\" admin_label=\"Feature Image 2\"][\/et_pb_image]\r\n\t\t\t[et_pb_text admin_label=\"Feature 2 Text\"]\r\n\t\t\t\t<div class=\"text2\">\r\n\t\t\t\t\t<p>K\u00e4tev\u00e4t kahvat tekev\u00e4t rampista helpon kuljettaa. Kahvat vie mahdollisimman v\u00e4h\u00e4n tilaa, koska ne voidaan taittaa sivuprofiilia vasten. Kahvat voidaan my\u00f6s helposti purkaa tai siirt\u00e4\u00e4 vastakkaiselle puolelle<\/p>\r\n\t\t\t\t<\/div>\r\n\t\t\t[\/et_pb_text]\r\n\t\t[\/et_pb_column]\r\n\r\n\t\t[et_pb_column type=\"1_3\"]\r\n\t\t\t[et_pb_text admin_label=\"Feature 3 Title\" text_orientation=\"center\"]\r\n\t\t\t\t<h5><strong>Keveys<\/strong><\/h5>\r\n\t\t\t[\/et_pb_text]\r\n\t\t\t[et_pb_image src=\"https:\/\/www.lastausramppi.fi\/wpolku\/wp-content\/uploads\/2019\/02\/ramp24.jpg\" align=\"center\" admin_label=\"Feature Image 3\"][\/et_pb_image]\r\n\t\t\t[et_pb_text admin_label=\"Feature 3 Text\"]\r\n\t\t\t\t<div class=\"text2\">\r\n\t\t\t\t\t<p>Uusien profiilien ja rei\u2019itetyn pinnan ansiosta olemme pystyneet v\u00e4hent\u00e4m\u00e4\u00e4n painoa noin 10% edellisiin rampeihimme verrattuna.<\/p>\r\n\t\t\t\t<\/div>\r\n\t\t\t[\/et_pb_text]\r\n\t\t[\/et_pb_column]\r\n\t[\/et_pb_row]\r\n[\/et_pb_section]\r\n\r\n[et_pb_section fb_built=\"1\" admin_label=\"1-osaiset rampit \u2013 Tuotevalikoima\"]\r\n\t[et_pb_row]\r\n\t\t[et_pb_column type=\"4_4\"]\r\n\t\t\t[et_pb_text admin_label=\"Product Heading\" text_orientation=\"center\"]\r\n\t\t\t\t<h2 style=\"font-size:32px; font-weight:700;\">1-osaiset rampit - Tuotevalikoima<\/h2>\r\n\t\t\t[\/et_pb_text]\r\n\t\t[\/et_pb_column]\r\n\t[\/et_pb_row]\r\n\r\n\t[et_pb_row gutter_width=\"1\"]\r\n\t\t[et_pb_column type=\"1_3\"]\r\n\t\t\t[et_pb_text admin_label=\"Product X050\"]\r\n\t\t\t\t<div class=\"text2\">\r\n\t\t\t\t\t<h5><strong>X050<\/strong><\/h5>\r\n\t\t\t\t\t<p>\r\n\t\t\t\t\t\tPituus (cm \/ in): 55\/22<br>\r\n\t\t\t\t\t\tPaino (kg \/ lb): 1,5 \/ 3,3<br>\r\n\t\t\t\t\t\tMax. kuormitus (kg \/ lb): 200\/440<br>\r\n\t\t\t\t\t\tSis\u00e4leveys (cm \/ in): 21\/8<br>\r\n\t\t\t\t\t\tSuositeltu max. korkeus (cm \/ in): 10\/4\r\n\t\t\t\t\t<\/p>\r\n\t\t\t\t<\/div>\r\n\t\t\t[\/et_pb_text]\r\n\t\t[\/et_pb_column]\r\n\r\n\t\t[et_pb_column type=\"1_3\"]\r\n\t\t\t[et_pb_text admin_label=\"Product X100\"]\r\n\t\t\t\t<div class=\"text2\">\r\n\t\t\t\t\t<h5><strong>X100<\/strong><\/h5>\r\n\t\t\t\t\t<p>\r\n\t\t\t\t\t\tPituus (cm \/ in): 116\/46<br>\r\n\t\t\t\t\t\tPaino (kg \/ lb): 3,1 \/ 6,8<br>\r\n\t\t\t\t\t\tMax. kuormitus (kg \/ lb): 200\/440<br>\r\n\t\t\t\t\t\tSis\u00e4leveys (cm \/ in): 21\/8<br>\r\n\t\t\t\t\t\tSuositeltu max. korkeus (cm \/ in): 20\/8\r\n\t\t\t\t\t<\/p>\r\n\t\t\t\t<\/div>\r\n\t\t\t[\/et_pb_text]\r\n\t\t[\/et_pb_column]\r\n\r\n\t\t[et_pb_column type=\"1_3\"]\r\n\t\t\t[et_pb_text admin_label=\"Product XW100\"]\r\n\t\t\t\t<div class=\"text2\">\r\n\t\t\t\t\t<h5><strong>XW100<\/strong><\/h5>\r\n\t\t\t\t\t<p>\r\n\t\t\t\t\t\tPituus (cm \/ in): 106\/42<br>\r\n\t\t\t\t\t\tPaino (kg \/ lb): 3,5 \/ 7,7<br>\r\n\t\t\t\t\t\tMax. kuormitus (kg \/ lb): 200\/440<br>\r\n\t\t\t\t\t\tSis\u00e4leveys (cm \/ in): 27\/11<br>\r\n\t\t\t\t\t\tSuositeltu max. korkeus (cm \/ in): 20\/8\r\n\t\t\t\t\t<\/p>\r\n\t\t\t\t<\/div>\r\n\t\t\t[\/et_pb_text]\r\n\t\t[\/et_pb_column]\r\n\t[\/et_pb_row]\r\n[\/et_pb_section]","_et_gb_content_width":"","footnotes":""},"class_list":["post-623","page","type-page","status-publish","hentry"],"_links":{"self":[{"href":"https:\/\/www.lastausramppi.fi\/wpolku\/wp-json\/wp\/v2\/pages\/623","targetHints":{"allow":["GET"]}}],"collection":[{"href":"https:\/\/www.lastausramppi.fi\/wpolku\/wp-json\/wp\/v2\/pages"}],"about":[{"href":"https:\/\/www.lastausramppi.fi\/wpolku\/wp-json\/wp\/v2\/types\/page"}],"author":[{"embeddable":true,"href":"https:\/\/www.lastausramppi.fi\/wpolku\/wp-json\/wp\/v2\/users\/3"}],"replies":[{"embeddable":true,"href":"https:\/\/www.lastausramppi.fi\/wpolku\/wp-json\/wp\/v2\/comments?post=623"}],"version-history":[{"count":7,"href":"https:\/\/www.lastausramppi.fi\/wpolku\/wp-json\/wp\/v2\/pages\/623\/revisions"}],"predecessor-version":[{"id":1262,"href":"https:\/\/www.lastausramppi.fi\/wpolku\/wp-json\/wp\/v2\/pages\/623\/revisions\/1262"}],"wp:attachment":[{"href":"https:\/\/www.lastausramppi.fi\/wpolku\/wp-json\/wp\/v2\/media?parent=623"}],"curies":[{"name":"wp","href":"https:\/\/api.w.org\/{rel}","templated":true}]}}