{"id":9,"date":"2019-02-17T17:41:33","date_gmt":"2019-02-17T16:41:33","guid":{"rendered":"http:\/\/lastausramppi.fi\/?page_id=9"},"modified":"2026-04-06T06:18:39","modified_gmt":"2026-04-06T03:18:39","slug":"yhteystiedot","status":"publish","type":"page","link":"https:\/\/www.lastausramppi.fi\/wpolku\/yhteystiedot\/","title":{"rendered":"Yhteystiedot"},"content":{"rendered":"<p>[et_pb_section fb_built=&#8221;1&#8243; admin_label=&#8221;Yhteystiedot&#8221; _builder_version=&#8221;4.16&#8243; global_colors_info=&#8221;{}&#8221;][et_pb_row _builder_version=&#8221;4.16&#8243; background_size=&#8221;initial&#8221; background_position=&#8221;top_left&#8221; background_repeat=&#8221;repeat&#8221; global_colors_info=&#8221;{}&#8221;][et_pb_column type=&#8221;4_4&#8243; _builder_version=&#8221;4.16&#8243; custom_padding=&#8221;|||&#8221; global_colors_info=&#8221;{}&#8221; custom_padding__hover=&#8221;|||&#8221;][et_pb_text _builder_version=&#8221;4.16&#8243; background_size=&#8221;initial&#8221; background_position=&#8221;top_left&#8221; background_repeat=&#8221;repeat&#8221; text_orientation=&#8221;center&#8221; module_alignment=&#8221;center&#8221; global_colors_info=&#8221;{}&#8221;]\t\t\t\t<\/p>\n<h2>Yhteystiedot<\/h2>\n<div style=\"width:50px; height:2px; background:#333; margin:20px auto 24px;\"><\/div>\n<p>[\/et_pb_text][\/et_pb_column][\/et_pb_row][et_pb_row _builder_version=&#8221;4.16&#8243; background_size=&#8221;initial&#8221; background_position=&#8221;top_left&#8221; background_repeat=&#8221;repeat&#8221; global_colors_info=&#8221;{}&#8221; column_structure=&#8221;1_3,1_3,1_3&#8243;][et_pb_column type=&#8221;1_3&#8243; _builder_version=&#8221;4.16&#8243; custom_padding=&#8221;|||&#8221; global_colors_info=&#8221;{}&#8221; custom_padding__hover=&#8221;|||&#8221;][et_pb_text _builder_version=&#8221;4.16&#8243; background_size=&#8221;initial&#8221; background_position=&#8221;top_left&#8221; background_repeat=&#8221;repeat&#8221; text_orientation=&#8221;center&#8221; module_alignment=&#8221;center&#8221; global_colors_info=&#8221;{}&#8221;]\t\t\t\t<\/p>\n<p><strong>Osoite<\/strong><br \/>Kehitt\u00e4j\u00e4nkatu 16, 04440 J\u00e4rvenp\u00e4\u00e4<\/p>\n<p>[\/et_pb_text][\/et_pb_column][et_pb_column type=&#8221;1_3&#8243; _builder_version=&#8221;4.16&#8243; custom_padding=&#8221;|||&#8221; global_colors_info=&#8221;{}&#8221; custom_padding__hover=&#8221;|||&#8221;][et_pb_text _builder_version=&#8221;4.16&#8243; background_size=&#8221;initial&#8221; background_position=&#8221;top_left&#8221; background_repeat=&#8221;repeat&#8221; text_orientation=&#8221;center&#8221; module_alignment=&#8221;center&#8221; global_colors_info=&#8221;{}&#8221;]\t\t\t\t<\/p>\n<p><strong>Puhelin<\/strong><br \/>040 1244 282<\/p>\n<p>[\/et_pb_text][\/et_pb_column][et_pb_column type=&#8221;1_3&#8243; _builder_version=&#8221;4.16&#8243; custom_padding=&#8221;|||&#8221; global_colors_info=&#8221;{}&#8221; custom_padding__hover=&#8221;|||&#8221;][et_pb_text _builder_version=&#8221;4.16&#8243; background_size=&#8221;initial&#8221; background_position=&#8221;top_left&#8221; background_repeat=&#8221;repeat&#8221; text_orientation=&#8221;center&#8221; module_alignment=&#8221;center&#8221; global_colors_info=&#8221;{}&#8221;]\t\t\t\t<\/p>\n<p><strong>S\u00e4hk\u00f6posti<\/strong><br \/><a href=\"mailto:info@kuusiluoto.fi\">info@kuusiluoto.fi<\/a><\/p>\n<p>[\/et_pb_text][\/et_pb_column][\/et_pb_row][\/et_pb_section]<\/p>\n","protected":false},"excerpt":{"rendered":"<p>Yhteystiedot OsoiteKehitt\u00e4j\u00e4nkatu 16, 04440 J\u00e4rvenp\u00e4\u00e4 Puhelin040 1244 282 S\u00e4hk\u00f6postiinfo@kuusiluoto.fi<\/p>\n","protected":false},"author":3,"featured_media":0,"parent":0,"menu_order":0,"comment_status":"closed","ping_status":"closed","template":"","meta":{"_et_pb_use_builder":"on","_et_pb_old_content":"[et_pb_section fb_built=\"1\" admin_label=\"Yhteystiedot\"]\r\n\t[et_pb_row]\r\n\t\t[et_pb_column type=\"4_4\"]\r\n\t\t\t[et_pb_text text_orientation=\"center\"]\r\n\t\t\t\t<h2>Yhteystiedot<\/h2>\r\n\t\t\t\t<div style=\"width:50px; height:2px; background:#333; margin:20px auto 24px;\"><\/div>\r\n\t\t\t[\/et_pb_text]\r\n\t\t[\/et_pb_column]\r\n\t[\/et_pb_row]\r\n\t[et_pb_row]\r\n\t\t[et_pb_column type=\"1_3\"]\r\n\t\t\t[et_pb_text text_orientation=\"center\"]\r\n\t\t\t\t<p><strong>Osoite<\/strong><br>Kehitt\u00e4j\u00e4nkatu 16, 04440 J\u00e4rvenp\u00e4\u00e4<\/p>\r\n\t\t\t[\/et_pb_text]\r\n\t\t[\/et_pb_column]\r\n\t\t[et_pb_column type=\"1_3\"]\r\n\t\t\t[et_pb_text text_orientation=\"center\"]\r\n\t\t\t\t<p><strong>Puhelin<\/strong><br>040 1244 282<\/p>\r\n\t\t\t[\/et_pb_text]\r\n\t\t[\/et_pb_column]\r\n\t\t[et_pb_column type=\"1_3\"]\r\n\t\t\t[et_pb_text text_orientation=\"center\"]\r\n\t\t\t\t<p><strong>S\u00e4hk\u00f6posti<\/strong><br><a href=\"mailto:info@kuusiluoto.fi\">info@kuusiluoto.fi<\/a><\/p>\r\n\t\t\t[\/et_pb_text]\r\n\t\t[\/et_pb_column]\r\n\t[\/et_pb_row]\r\n[\/et_pb_section]","_et_gb_content_width":"","footnotes":""},"class_list":["post-9","page","type-page","status-publish","hentry"],"_links":{"self":[{"href":"https:\/\/www.lastausramppi.fi\/wpolku\/wp-json\/wp\/v2\/pages\/9","targetHints":{"allow":["GET"]}}],"collection":[{"href":"https:\/\/www.lastausramppi.fi\/wpolku\/wp-json\/wp\/v2\/pages"}],"about":[{"href":"https:\/\/www.lastausramppi.fi\/wpolku\/wp-json\/wp\/v2\/types\/page"}],"author":[{"embeddable":true,"href":"https:\/\/www.lastausramppi.fi\/wpolku\/wp-json\/wp\/v2\/users\/3"}],"replies":[{"embeddable":true,"href":"https:\/\/www.lastausramppi.fi\/wpolku\/wp-json\/wp\/v2\/comments?post=9"}],"version-history":[{"count":8,"href":"https:\/\/www.lastausramppi.fi\/wpolku\/wp-json\/wp\/v2\/pages\/9\/revisions"}],"predecessor-version":[{"id":1249,"href":"https:\/\/www.lastausramppi.fi\/wpolku\/wp-json\/wp\/v2\/pages\/9\/revisions\/1249"}],"wp:attachment":[{"href":"https:\/\/www.lastausramppi.fi\/wpolku\/wp-json\/wp\/v2\/media?parent=9"}],"curies":[{"name":"wp","href":"https:\/\/api.w.org\/{rel}","templated":true}]}}